{"id":1017,"date":"2018-04-16T14:40:25","date_gmt":"2018-04-16T13:40:25","guid":{"rendered":"http:\/\/www.profilatileggeri.com\/fr\/\/?page_id=1017"},"modified":"2026-02-24T09:07:36","modified_gmt":"2026-02-24T08:07:36","slug":"home","status":"publish","type":"page","link":"https:\/\/www.profilatileggeri.com\/fr\/","title":{"rendered":"Home"},"content":{"rendered":"<div class=\"row row-full-width\"  id=\"row-1272163532\">\n\n\n\t<div id=\"col-170999997\" class=\"col medium-9 small-12 large-9\"  >\n\t\t\t\t<div class=\"col-inner\"  >\n\t\t\t\n\t\t\t\n\n\n  <div class=\"banner has-hover banner-home\" id=\"banner-1591851843\">\n          <div class=\"banner-inner fill\">\n        <div class=\"banner-bg fill\" >\n\t\t\t<img loading=\"lazy\" decoding=\"async\" width=\"900\" height=\"363\" src=\"https:\/\/www.profilatileggeri.com\/fr\/wp-content\/uploads\/profilati.jpg\" class=\"bg\" alt=\"Profilati\" srcset=\"https:\/\/www.profilatileggeri.com\/fr\/wp-content\/uploads\/profilati.jpg 900w, https:\/\/www.profilatileggeri.com\/fr\/wp-content\/uploads\/profilati-800x323.jpg 800w, https:\/\/www.profilatileggeri.com\/fr\/wp-content\/uploads\/profilati-768x310.jpg 768w, https:\/\/www.profilatileggeri.com\/fr\/wp-content\/uploads\/profilati-510x206.jpg 510w\" sizes=\"auto, (max-width: 900px) 100vw, 900px\" \/>                        <div class=\"overlay\"><\/div>            \n                    <\/div>\n\t\t\n        <div class=\"banner-layers container\">\n            <div class=\"fill banner-link\"><\/div>            \n\n   <div id=\"text-box-1682861484\" class=\"text-box banner-layer x50 md-x50 lg-x50 y50 md-y50 lg-y50 res-text\">\n                     <div data-animate=\"flipInY\">           <div class=\"text-box-content text dark\">\n              \n              <div class=\"text-inner text-center\">\n                  \n\n<h3 class=\"alt-font\">Profilati Leggeri Schiavetti<\/h3>\n<div class=\"is-divider divider clearfix\" style=\"margin-top:3px;margin-bottom:3px;\"><\/div>\n\n<h1 class=\"uppercase\">Profil\u00e9s techniques d&#8217;excellence<\/h1>\n<div class=\"is-divider divider clearfix\" ><\/div>\n\n<a href=\"\/fr\/prodotti\/\" class=\"button white is-outline is-larger homepage\"  >\n\t\t<span>TOUS LES PRODUITS<\/span>\n\t<\/a>\n\n\n<a href=\"\/fr\/contatti\/\" class=\"button white is-outline is-larger homepage\"  >\n\t\t<span>DEMANDE D'INFORMATIONS<\/span>\n\t<\/a>\n\n\n\n              <\/div>\n           <\/div>\n       <\/div>                     \n<style>\n#text-box-1682861484 .text-box-content {\n  background-color: rgba(180, 180, 180, 0.85);\n  font-size: 100%;\n}\n#text-box-1682861484 .text-inner {\n  padding: 20px 0px 20px 0px;\n}\n#text-box-1682861484 {\n  width: 100%;\n}\n@media (min-width:550px) {\n  #text-box-1682861484 {\n    width: 58%;\n  }\n}\n<\/style>\n    <\/div>\n \n\n        <\/div>\n      <\/div>\n\n            \n<style>\n#banner-1591851843 {\n  padding-top: 600px;\n}\n#banner-1591851843 .overlay {\n  background-color: rgba(0, 0, 0, 0.02);\n}\n#banner-1591851843 .bg {\n  object-position: 48% 55%;\n}\n<\/style>\n  <\/div>\n\n\n\n\t\t<\/div>\n\t\t\t\t\t<\/div>\n\n\t\n\n\t<div id=\"col-58979194\" class=\"col medium-3 small-12 large-3\"  >\n\t\t\t\t<div class=\"col-inner\"  >\n\t\t\t\n\t\t\t\n\n\t<div id=\"gap-744426317\" class=\"gap-element clearfix\" style=\"display:block; height:auto;\">\n\t\t\n<style>\n#gap-744426317 {\n  padding-top: 27px;\n}\n<\/style>\n\t<\/div>\n\t\n\n\n  \n    <div class=\"row large-columns-1 medium-columns-1 small-columns-1\" >\n  <div class=\"col post-item\" >\n\t\t\t<div class=\"col-inner\">\n\t\t\t\t<div class=\"box box-normal box-text-bottom box-blog-post has-hover\">\n          \t\t\t\t\t<div class=\"box-text text-center is-small\" >\n\t\t\t\t\t<div class=\"box-text-inner blog-post-inner\">\n\n\t\t\t\t\t\n\t\t\t\t\t\t\t\t\t\t<h5 class=\"post-title is-large \">\n\t\t\t\t\t\t<a href=\"https:\/\/www.profilatileggeri.com\/fr\/vacances-de-noel-2018-2-2-3-3-2-2-2\/\" class=\"plain\">Vacances de No\u00ebl 2025<\/a>\n\t\t\t\t\t<\/h5>\n\t\t\t\t\t\t\t\t\t\t<div class=\"is-divider\"><\/div>\n\t\t\t\t\t\t\t\t\t\t<p class=\"from_the_blog_excerpt \">\n\t\t\t\t\t\tNous vous informons que nous bureaux serront ferm\u00e9s du 20 d\u00e9cembre au [...]\t\t\t\t\t<\/p>\n\t\t\t\t\t                    \n\t\t\t\t\t\n\t\t\t\t\t\n\t\t\t\t\t<\/div>\n\t\t\t\t\t<\/div>\n\t\t\t\t\t\t\t\t\t<\/div>\n\t\t\t<\/div>\n\t\t<\/div><div class=\"col post-item\" >\n\t\t\t<div class=\"col-inner\">\n\t\t\t\t<div class=\"box box-normal box-text-bottom box-blog-post has-hover\">\n          \t\t\t\t\t<div class=\"box-text text-center is-small\" >\n\t\t\t\t\t<div class=\"box-text-inner blog-post-inner\">\n\n\t\t\t\t\t\n\t\t\t\t\t\t\t\t\t\t<h5 class=\"post-title is-large \">\n\t\t\t\t\t\t<a href=\"https:\/\/www.profilatileggeri.com\/fr\/vacances-de-noel-2018-2-5\/\" class=\"plain\">F\u00eate nationale<\/a>\n\t\t\t\t\t<\/h5>\n\t\t\t\t\t\t\t\t\t\t<div class=\"is-divider\"><\/div>\n\t\t\t\t\t\t\t\t\t\t<p class=\"from_the_blog_excerpt \">\n\t\t\t\t\t\tNous vous informons que nous bureaux serront ferm\u00e9s du 8 D\u00e9cembre.\t\t\t\t\t<\/p>\n\t\t\t\t\t                    \n\t\t\t\t\t\n\t\t\t\t\t\n\t\t\t\t\t<\/div>\n\t\t\t\t\t<\/div>\n\t\t\t\t\t\t\t\t\t<\/div>\n\t\t\t<\/div>\n\t\t<\/div><div class=\"col post-item\" >\n\t\t\t<div class=\"col-inner\">\n\t\t\t\t<div class=\"box box-normal box-text-bottom box-blog-post has-hover\">\n          \t\t\t\t\t<div class=\"box-text text-center is-small\" >\n\t\t\t\t\t<div class=\"box-text-inner blog-post-inner\">\n\n\t\t\t\t\t\n\t\t\t\t\t\t\t\t\t\t<h5 class=\"post-title is-large \">\n\t\t\t\t\t\t<a href=\"https:\/\/www.profilatileggeri.com\/fr\/chiusura-estiva-2018-2-2-2\/\" class=\"plain\">Vacances 2025<\/a>\n\t\t\t\t\t<\/h5>\n\t\t\t\t\t\t\t\t\t\t<div class=\"is-divider\"><\/div>\n\t\t\t\t\t\t\t\t\t\t<p class=\"from_the_blog_excerpt \">\n\t\t\t\t\t\tNotre magasin et production seront ferm\u00e9s du 4 Ao\u00fbt jusqu\u2019au 24 Ao\u00fbt [...]\t\t\t\t\t<\/p>\n\t\t\t\t\t                    \n\t\t\t\t\t\n\t\t\t\t\t\n\t\t\t\t\t<\/div>\n\t\t\t\t\t<\/div>\n\t\t\t\t\t\t\t\t\t<\/div>\n\t\t\t<\/div>\n\t\t<\/div><div class=\"col post-item\" >\n\t\t\t<div class=\"col-inner\">\n\t\t\t\t<div class=\"box box-normal box-text-bottom box-blog-post has-hover\">\n          \t\t\t\t\t<div class=\"box-text text-center is-small\" >\n\t\t\t\t\t<div class=\"box-text-inner blog-post-inner\">\n\n\t\t\t\t\t\n\t\t\t\t\t\t\t\t\t\t<h5 class=\"post-title is-large \">\n\t\t\t\t\t\t<a href=\"https:\/\/www.profilatileggeri.com\/fr\/vacances-de-noel-2018-2-2-4-2\/\" class=\"plain\">F\u00eate nationale<\/a>\n\t\t\t\t\t<\/h5>\n\t\t\t\t\t\t\t\t\t\t<div class=\"is-divider\"><\/div>\n\t\t\t\t\t\t\t\t\t\t<p class=\"from_the_blog_excerpt \">\n\t\t\t\t\t\tNous vous informons que nous bureaux serront ferm\u00e9s du 02 Juin.\t\t\t\t\t<\/p>\n\t\t\t\t\t                    \n\t\t\t\t\t\n\t\t\t\t\t\n\t\t\t\t\t<\/div>\n\t\t\t\t\t<\/div>\n\t\t\t\t\t\t\t\t\t<\/div>\n\t\t\t<\/div>\n\t\t<\/div><\/div>\n\n<a href=\"\/fr\/news-profilati\/\" class=\"button primary is-outline lowercase expand\"  >\n\t\t<span>En savoir Plus<\/span>\n\t<\/a>\n\n\n\n\t\t<\/div>\n\t\t\t\t\t<\/div>\n\n\t\n\n<\/div>\n<div class=\"row\"  id=\"row-2075894055\">\n\n\n\t<div id=\"col-240229662\" class=\"col small-12 large-12\"  >\n\t\t\t\t<div class=\"col-inner\"  >\n\t\t\t\n\t\t\t\n\n\t<div id=\"gap-1698903962\" class=\"gap-element clearfix\" style=\"display:block; height:auto;\">\n\t\t\n<style>\n#gap-1698903962 {\n  padding-top: 15px;\n}\n<\/style>\n\t<\/div>\n\t\n\n<p style=\"text-align: center; font-size: 18px;\">Profilati Leggeri Schiavetti, un des premiers producteurs \u00e0 croire au d\u00e9veloppement du secteur des &#8220;plaques de pl\u00e2tre&#8221;, est un leader dans la production de profil\u00e9s m\u00e9talliques.<br \/>\nNous avons 50 ans d&#8217;exp\u00e9rience, passion, enthousiasme et \u00e9nergie et nous travaillons tous les jours pour une gamme de production plus large, pour une meilleure qualit\u00e9 et pour un service toujours plus fiable. Nos solutions peuvent satisfaire nos clients dans les secteurs de la construction et des installations \u00e9lectriques \/ hydrauliques.<\/p>\n\t<div id=\"gap-1809277576\" class=\"gap-element clearfix\" style=\"display:block; height:auto;\">\n\t\t\n<style>\n#gap-1809277576 {\n  padding-top: 50px;\n}\n<\/style>\n\t<\/div>\n\t\n\n<div class=\"container section-title-container\" ><h3 class=\"section-title section-title-center\"><b><\/b><span class=\"section-title-main\" >NOS PRODUITS: TYPES ET APPLICATIONS<\/span><b><\/b><\/h3><\/div>\n\n\n\t\t<\/div>\n\t\t\t\t\t<\/div>\n\n\t\n\n<\/div>\n<div class=\"row row-full-width\"  id=\"row-413543045\">\n\n\n\t<div id=\"col-2010800857\" class=\"col small-12 large-12\"  >\n\t\t\t\t<div class=\"col-inner\"  >\n\t\t\t\n\t\t\t\n\n\n  \n    <div class=\"row large-columns-3 medium-columns- small-columns-2 row-small row-full-width slider row-slider slider-nav-reveal\"  data-flickity-options='{&quot;imagesLoaded&quot;: true, &quot;groupCells&quot;: &quot;100%&quot;, &quot;dragThreshold&quot; : 5, &quot;cellAlign&quot;: &quot;left&quot;,&quot;wrapAround&quot;: true,&quot;prevNextButtons&quot;: true,&quot;percentPosition&quot;: true,&quot;pageDots&quot;: false, &quot;rightToLeft&quot;: false, &quot;autoPlay&quot; : 4000}' >\n\n  <div class=\"product-category col\" >\n            <div class=\"col-inner\">\n              <a aria-label=\"Visit product category PROFIL\u0116S POUR PLAQUES DE PL\u00c2TRE\" href=\"https:\/\/www.profilatileggeri.com\/fr\/product-category\/profili-cartongesso\/\">                <div class=\"box box-category has-hover box-push \">\n                <div class=\"box-image\" >\n                  <div class=\"image-zoom\" >\n                  <img loading=\"lazy\" decoding=\"async\" src=\"https:\/\/www.profilatileggeri.com\/fr\/wp-content\/uploads\/10-della-rev-1.jpg\" alt=\"PROFIL\u0116S POUR PLAQUES DE PL\u00c2TRE\" width=\"300\" height=\"300\" \/>                                                      <\/div>\n                <\/div>\n                <div class=\"box-text text-center\" >\n                  <div class=\"box-text-inner\">\n                      <h5 class=\"uppercase header-title\">\n                              PROFIL\u0116S POUR PLAQUES DE PL\u00c2TRE                      <\/h5>\n                                            <p class=\"is-xsmall uppercase count \">\n\t                      9 Prodotti                      <\/p>\n                                            \n                  <\/div>\n                <\/div>\n                <\/div>\n            <\/a>            <\/div>\n            <\/div><div class=\"product-category col\" >\n            <div class=\"col-inner\">\n              <a aria-label=\"Visit product category PROFIL\u0116S DE FIXATION\" href=\"https:\/\/www.profilatileggeri.com\/fr\/product-category\/profili-fissaggio\/\">                <div class=\"box box-category has-hover box-push \">\n                <div class=\"box-image\" >\n                  <div class=\"image-zoom\" >\n                  <img loading=\"lazy\" decoding=\"async\" src=\"https:\/\/www.profilatileggeri.com\/fr\/wp-content\/uploads\/FOTO-da-premus-36-home.jpg\" alt=\"PROFIL\u0116S DE FIXATION\" width=\"300\" height=\"300\" \/>                                                      <\/div>\n                <\/div>\n                <div class=\"box-text text-center\" >\n                  <div class=\"box-text-inner\">\n                      <h5 class=\"uppercase header-title\">\n                              PROFIL\u0116S DE FIXATION                      <\/h5>\n                                            <p class=\"is-xsmall uppercase count \">\n\t                      6 Prodotti                      <\/p>\n                                            \n                  <\/div>\n                <\/div>\n                <\/div>\n            <\/a>            <\/div>\n            <\/div><div class=\"product-category col\" >\n            <div class=\"col-inner\">\n              <a aria-label=\"Visit product category AUTRES PROFIL\u0116S POUR PLAQUES DE PL\u00c2TRE\" href=\"https:\/\/www.profilatileggeri.com\/fr\/product-category\/profili-cartongesso-certificati-ctsb\/\">                <div class=\"box box-category has-hover box-push \">\n                <div class=\"box-image\" >\n                  <div class=\"image-zoom\" >\n                  <img loading=\"lazy\" decoding=\"async\" src=\"https:\/\/www.profilatileggeri.com\/fr\/wp-content\/uploads\/PROFILO-CARTONGESSO.jpg\" alt=\"AUTRES PROFIL\u0116S POUR PLAQUES DE PL\u00c2TRE\" width=\"300\" height=\"300\" \/>                                                      <\/div>\n                <\/div>\n                <div class=\"box-text text-center\" >\n                  <div class=\"box-text-inner\">\n                      <h5 class=\"uppercase header-title\">\n                              AUTRES PROFIL\u0116S POUR PLAQUES DE PL\u00c2TRE                      <\/h5>\n                                            <p class=\"is-xsmall uppercase count \">\n\t                      5 Prodotti                      <\/p>\n                                            \n                  <\/div>\n                <\/div>\n                <\/div>\n            <\/a>            <\/div>\n            <\/div><div class=\"product-category col\" >\n            <div class=\"col-inner\">\n              <a aria-label=\"Visit product category PROFIL\u0116S D&#039;ENCADREMENT\" href=\"https:\/\/www.profilatileggeri.com\/fr\/product-category\/profili-incasso\/\">                <div class=\"box box-category has-hover box-push \">\n                <div class=\"box-image\" >\n                  <div class=\"image-zoom\" >\n                  <img loading=\"lazy\" decoding=\"async\" src=\"https:\/\/www.profilatileggeri.com\/fr\/wp-content\/uploads\/FOTO-da-premus-57.jpg\" alt=\"PROFIL\u0116S D&#039;ENCADREMENT\" width=\"300\" height=\"300\" \/>                                                      <\/div>\n                <\/div>\n                <div class=\"box-text text-center\" >\n                  <div class=\"box-text-inner\">\n                      <h5 class=\"uppercase header-title\">\n                              PROFIL\u0116S D'ENCADREMENT                      <\/h5>\n                                            <p class=\"is-xsmall uppercase count \">\n\t                      4 Prodotti                      <\/p>\n                                            \n                  <\/div>\n                <\/div>\n                <\/div>\n            <\/a>            <\/div>\n            <\/div><div class=\"product-category col\" >\n            <div class=\"col-inner\">\n              <a aria-label=\"Visit product category PROFIL\u0116S SPECIAUX\" href=\"https:\/\/www.profilatileggeri.com\/fr\/product-category\/profili-speciali\/\">                <div class=\"box box-category has-hover box-push \">\n                <div class=\"box-image\" >\n                  <div class=\"image-zoom\" >\n                  <img loading=\"lazy\" decoding=\"async\" src=\"https:\/\/www.profilatileggeri.com\/fr\/wp-content\/uploads\/FOTO-da-premus-1.jpg\" alt=\"PROFIL\u0116S SPECIAUX\" width=\"300\" height=\"300\" \/>                                                      <\/div>\n                <\/div>\n                <div class=\"box-text text-center\" >\n                  <div class=\"box-text-inner\">\n                      <h5 class=\"uppercase header-title\">\n                              PROFIL\u0116S SPECIAUX                      <\/h5>\n                                            <p class=\"is-xsmall uppercase count \">\n\t                      1 PRODUIT                      <\/p>\n                                            \n                  <\/div>\n                <\/div>\n                <\/div>\n            <\/a>            <\/div>\n            <\/div><\/div>\n\n\n\t\t<\/div>\n\t\t\t\t\t<\/div>\n\n\t\n\n<\/div>","protected":false},"excerpt":{"rendered":"","protected":false},"author":1,"featured_media":0,"parent":0,"menu_order":0,"comment_status":"closed","ping_status":"closed","template":"page-blank.php","meta":{"footnotes":""},"yst_prominent_words":[1247,1246,1058,1294,1248,1154,359,1293,1067,1327,1292,1271,1245,358,349,1328,1300,1286,1272,1487],"class_list":["post-1017","page","type-page","status-publish","hentry"],"_links":{"self":[{"href":"https:\/\/www.profilatileggeri.com\/fr\/wp-json\/wp\/v2\/pages\/1017","targetHints":{"allow":["GET"]}}],"collection":[{"href":"https:\/\/www.profilatileggeri.com\/fr\/wp-json\/wp\/v2\/pages"}],"about":[{"href":"https:\/\/www.profilatileggeri.com\/fr\/wp-json\/wp\/v2\/types\/page"}],"author":[{"embeddable":true,"href":"https:\/\/www.profilatileggeri.com\/fr\/wp-json\/wp\/v2\/users\/1"}],"replies":[{"embeddable":true,"href":"https:\/\/www.profilatileggeri.com\/fr\/wp-json\/wp\/v2\/comments?post=1017"}],"version-history":[{"count":3,"href":"https:\/\/www.profilatileggeri.com\/fr\/wp-json\/wp\/v2\/pages\/1017\/revisions"}],"predecessor-version":[{"id":3458,"href":"https:\/\/www.profilatileggeri.com\/fr\/wp-json\/wp\/v2\/pages\/1017\/revisions\/3458"}],"wp:attachment":[{"href":"https:\/\/www.profilatileggeri.com\/fr\/wp-json\/wp\/v2\/media?parent=1017"}],"wp:term":[{"taxonomy":"yst_prominent_words","embeddable":true,"href":"https:\/\/www.profilatileggeri.com\/fr\/wp-json\/wp\/v2\/yst_prominent_words?post=1017"}],"curies":[{"name":"wp","href":"https:\/\/api.w.org\/{rel}","templated":true}]}}