{"id":2696,"date":"2018-09-12T14:57:26","date_gmt":"2018-09-12T13:57:26","guid":{"rendered":"http:\/\/www.profilatileggeri.com\/fr\/\/?page_id=2696"},"modified":"2025-07-29T10:47:15","modified_gmt":"2025-07-29T09:47:15","slug":"certificazioni","status":"publish","type":"page","link":"https:\/\/www.profilatileggeri.com\/fr\/certificazioni\/","title":{"rendered":"Certifications"},"content":{"rendered":"\n  <div class=\"banner has-hover has-parallax\" id=\"banner-1012022400\">\n          <div class=\"banner-inner fill\">\n        <div class=\"banner-bg fill\" data-parallax=\"-2\" data-parallax-container=\".banner\" data-parallax-background>\n\t\t\t<img loading=\"lazy\" decoding=\"async\" width=\"1020\" height=\"542\" src=\"https:\/\/www.profilatileggeri.com\/fr\/wp-content\/uploads\/copertina-1400x744.jpg\" class=\"bg\" alt=\"\" srcset=\"https:\/\/www.profilatileggeri.com\/fr\/wp-content\/uploads\/copertina-1400x744.jpg 1400w, https:\/\/www.profilatileggeri.com\/fr\/wp-content\/uploads\/copertina-510x271.jpg 510w, https:\/\/www.profilatileggeri.com\/fr\/wp-content\/uploads\/copertina-752x400.jpg 752w, https:\/\/www.profilatileggeri.com\/fr\/wp-content\/uploads\/copertina-768x408.jpg 768w, https:\/\/www.profilatileggeri.com\/fr\/wp-content\/uploads\/copertina.jpg 1920w\" sizes=\"auto, (max-width: 1020px) 100vw, 1020px\" \/>                        <div class=\"overlay\"><\/div>            \n                    <\/div>\n\t\t\n        <div class=\"banner-layers container\">\n            <div class=\"fill banner-link\"><\/div>            \n\n   <div id=\"text-box-1197353521\" class=\"text-box banner-layer x50 md-x50 lg-x50 y50 md-y50 lg-y50 res-text\">\n                                <div class=\"text-box-content text \">\n              \n              <div class=\"text-inner text-center\">\n                  \n\n<h3 class=\"uppercase\"><strong>CERTIFICATIONS<\/strong><\/h3>\n<p class=\"content\">Profilati Leggeri Schiavetti<\/p>\n<div class=\"is-divider divider clearfix\" style=\"margin-top:1.2em;margin-bottom:1.2em;max-width:67px;\"><\/div>\n\n\n              <\/div>\n           <\/div>\n                            \n<style>\n#text-box-1197353521 {\n  width: 60%;\n}\n#text-box-1197353521 .text-box-content {\n  font-size: 100%;\n}\n<\/style>\n    <\/div>\n \n\n        <\/div>\n      <\/div>\n\n            \n<style>\n#banner-1012022400 {\n  padding-top: 280px;\n}\n#banner-1012022400 .overlay {\n  background-color: rgba(255, 255, 255, 0.57);\n}\n#banner-1012022400 .bg {\n  object-position: 49% 53%;\n}\n<\/style>\n  <\/div>\n\n\n\t<div id=\"gap-1883447330\" class=\"gap-element clearfix\" style=\"display:block; height:auto;\">\n\t\t\n<style>\n#gap-1883447330 {\n  padding-top: 40px;\n}\n<\/style>\n\t<\/div>\n\t\n\n\n\t<section class=\"section\" id=\"section_734298545\">\n\t\t<div class=\"section-bg fill\" >\n\t\t\t\n\t\t\t\n\t\t\t\n\t\t\t\n\n\t\t<\/div>\n\n\t\t\n\n\t\t<div class=\"section-content relative\">\n\t\t\t\n\n<div class=\"row\"  id=\"row-769015076\">\n\n\n\t<div id=\"col-1505358571\" class=\"col medium-3 small-12 large-3\"  >\n\t\t\t\t<div class=\"col-inner\"  >\n\t\t\t\n\t\t\t\n\n\t<div class=\"img has-hover x md-x lg-x y md-y lg-y\" id=\"image_1404173404\">\n\t\t\t\t\t\t\t\t<div class=\"img-inner box-shadow-1 dark\" >\n\t\t\t<img loading=\"lazy\" decoding=\"async\" width=\"600\" height=\"500\" src=\"https:\/\/www.profilatileggeri.com\/fr\/wp-content\/uploads\/BUREAU-VERITAS-ISO-9001-OK.jpg\" class=\"attachment-large size-large\" alt=\"\" srcset=\"https:\/\/www.profilatileggeri.com\/fr\/wp-content\/uploads\/BUREAU-VERITAS-ISO-9001-OK.jpg 600w, https:\/\/www.profilatileggeri.com\/fr\/wp-content\/uploads\/BUREAU-VERITAS-ISO-9001-OK-510x425.jpg 510w, https:\/\/www.profilatileggeri.com\/fr\/wp-content\/uploads\/BUREAU-VERITAS-ISO-9001-OK-480x400.jpg 480w\" sizes=\"auto, (max-width: 600px) 100vw, 600px\" \/>\t\t\t\t\t\t\n\t\t\t\t\t<\/div>\n\t\t\t\t\t\t\t\t\n<style>\n#image_1404173404 {\n  width: 100%;\n}\n<\/style>\n\t<\/div>\n\t\n\n\n\t\t<\/div>\n\t\t\t\t\t<\/div>\n\n\t\n\n\t<div id=\"col-528116728\" class=\"col medium-1 small-12 large-1\"  >\n\t\t\t\t<div class=\"col-inner\"  >\n\t\t\t\n\t\t\t\n\n\n\t\t<\/div>\n\t\t\t\t\t<\/div>\n\n\t\n\n\t<div id=\"col-278650880\" class=\"col medium-8 small-12 large-8\"  >\n\t\t\t\t<div class=\"col-inner\"  >\n\t\t\t\n\t\t\t\n\n<h3 class=\"accordion_title\">ISO 9001:2015 Certification delivr\u00e9e par Bureau Veritas<\/h3><div class=\"accordion\">\n\n\t<div id=\"accordion-466313901\" class=\"accordion-item\">\n\t\t<a id=\"accordion-466313901-label\" class=\"accordion-title plain\" href aria-expanded=\"false\" aria-controls=\"accordion-466313901-content\" >\n\t\t\t<button class=\"toggle\" aria-label=\"Attiva\/Disattiva\"><i class=\"icon-angle-down\"><\/i><\/button>\n\t\t\t<span>Profilati Leggeri Schiavetti est certifi\u00e8e ISO 9001:2015 par Bureau Veritas pour la conception et la production de profil\u00e9s m\u00e9talliques ouverts r\u00e9alis\u00e9s \u00e0 froid.<\/span>\n\t\t<\/a>\n\t\t<div id=\"accordion-466313901-content\" class=\"accordion-inner\" aria-labelledby=\"accordion-466313901-label\" >\n\t\t\t\n\n<p style=\"text-align: justify;\">ISO 9001 est la norme de r\u00e9f\u00e9rence pour tous ceux qui veulent soumettre leur processus de production \u00e0 un contr\u00f4le de qualit\u00e9 de mani\u00e8re cyclique, \u00e0 partir de la d\u00e9finition des exigences et d&#8217;arriver jusqu&#8217;\u00e0 la surveillance de l&#8217;ensemble du processus de production.<br \/>\nLe client et sa satisfaction sont au centre de la norme ISO 9001; chaque activit\u00e9, application et suivi des activit\u00e9s\/processus vise en effet \u00e0 d\u00e9terminer la satisfaction maximale de l&#8217;utilisateur final.<\/p>\n\n\t\t<\/div>\n\t<\/div>\n\t\n\n<\/div>\n\t<div id=\"gap-1141303522\" class=\"gap-element clearfix\" style=\"display:block; height:auto;\">\n\t\t\n<style>\n#gap-1141303522 {\n  padding-top: 10px;\n}\n<\/style>\n\t<\/div>\n\t\n\n<a href=\"https:\/\/www.profilatileggeri.com\/fr\/wp-content\/uploads\/Certificate-IT339690-SCHIAVETTI-LAMIERE-FORATE-S.P.A-9001-FRA_2025.pdf\" target=\"_blank\" class=\"button primary is-outline lowercase\" rel=\"noopener\"  >\n\t\t<span>Cliquez ici pour voir le certificat<\/span>\n\t<\/a>\n\n\n\n\t\t<\/div>\n\t\t\t\t\t<\/div>\n\n\t\n\n<\/div>\n\n\t\t<\/div>\n\n\t\t\n<style>\n#section_734298545 {\n  padding-top: 30px;\n  padding-bottom: 30px;\n}\n<\/style>\n\t<\/section>\n\t\n\n\t<section class=\"section\" id=\"section_79634566\">\n\t\t<div class=\"section-bg fill\" >\n\t\t\t\n\t\t\t\n\t\t\t\n\t\t\t\n\n\t\t<\/div>\n\n\t\t\n\n\t\t<div class=\"section-content relative\">\n\t\t\t\n\n<div class=\"row\"  id=\"row-1679498098\">\n\n\n\t<div id=\"col-658655937\" class=\"col medium-3 small-12 large-3\"  >\n\t\t\t\t<div class=\"col-inner\"  >\n\t\t\t\n\t\t\t\n\n\t<div class=\"img has-hover x md-x lg-x y md-y lg-y\" id=\"image_1889772721\">\n\t\t\t\t\t\t\t\t<div class=\"img-inner box-shadow-1 dark\" >\n\t\t\t<img loading=\"lazy\" decoding=\"async\" width=\"600\" height=\"500\" src=\"https:\/\/www.profilatileggeri.com\/fr\/wp-content\/uploads\/BUREAU-VERITAS-OHSAS-1800-OK.jpg\" class=\"attachment-large size-large\" alt=\"\" srcset=\"https:\/\/www.profilatileggeri.com\/fr\/wp-content\/uploads\/BUREAU-VERITAS-OHSAS-1800-OK.jpg 600w, https:\/\/www.profilatileggeri.com\/fr\/wp-content\/uploads\/BUREAU-VERITAS-OHSAS-1800-OK-510x425.jpg 510w, https:\/\/www.profilatileggeri.com\/fr\/wp-content\/uploads\/BUREAU-VERITAS-OHSAS-1800-OK-480x400.jpg 480w\" sizes=\"auto, (max-width: 600px) 100vw, 600px\" \/>\t\t\t\t\t\t\n\t\t\t\t\t<\/div>\n\t\t\t\t\t\t\t\t\n<style>\n#image_1889772721 {\n  width: 100%;\n}\n<\/style>\n\t<\/div>\n\t\n\n\n\t\t<\/div>\n\t\t\t\t\t<\/div>\n\n\t\n\n\t<div id=\"col-92023048\" class=\"col medium-1 small-12 large-1\"  >\n\t\t\t\t<div class=\"col-inner\"  >\n\t\t\t\n\t\t\t\n\n\n\t\t<\/div>\n\t\t\t\t\t<\/div>\n\n\t\n\n\t<div id=\"col-554911704\" class=\"col medium-8 small-12 large-8\"  >\n\t\t\t\t<div class=\"col-inner\"  >\n\t\t\t\n\t\t\t\n\n<h3 class=\"accordion_title\">Certification ISO 45001:2018 delivr\u00e9e par Bureau Veritas<\/h3><div class=\"accordion\">\n\n\t<div id=\"accordion-1313452530\" class=\"accordion-item\">\n\t\t<a id=\"accordion-1313452530-label\" class=\"accordion-title plain\" href aria-expanded=\"false\" aria-controls=\"accordion-1313452530-content\" >\n\t\t\t<button class=\"toggle\" aria-label=\"Attiva\/Disattiva\"><i class=\"icon-angle-down\"><\/i><\/button>\n\t\t\t<span>Profilati Leggeri Schiavetti est certifi\u00e9e ISO 45001:2018 par Bureau Veritas pour la conception et la production de profil\u00e9s m\u00e9talliques ouverts r\u00e9alis\u00e9s \u00e0 froid.<\/span>\n\t\t<\/a>\n\t\t<div id=\"accordion-1313452530-content\" class=\"accordion-inner\" aria-labelledby=\"accordion-1313452530-label\" >\n\t\t\t\n\n<p style=\"text-align: justify;\">Il se r\u00e9f\u00e8re \u00e0 un standard pour un syst\u00e8me de management de le s\u00e9curit\u00e9 et la sant\u00e9 des ouvriers.<br \/>\nLa certification ISO 45001 atteste l&#8217;application volontaire, au sein d&#8217;une organisation, d&#8217;un syst\u00e8me permettant de garantir un contr\u00f4l ad\u00e9quat sur la s\u00e9curit\u00e9 et la sant\u00e9 des travailleurs.<\/p>\n\n\t\t<\/div>\n\t<\/div>\n\t\n\n<\/div>\n\t<div id=\"gap-1781677476\" class=\"gap-element clearfix\" style=\"display:block; height:auto;\">\n\t\t\n<style>\n#gap-1781677476 {\n  padding-top: 10px;\n}\n<\/style>\n\t<\/div>\n\t\n\n<a href=\"https:\/\/www.profilatileggeri.com\/fr\/wp-content\/uploads\/Certificate-IT322036_SCHIAVETTI-LAMIERE-FORATE-S.P.A-ISO-45001-REV1-FRA.pdf\" target=\"_blank\" class=\"button primary is-outline lowercase\" rel=\"noopener\"  >\n\t\t<span>Cliquez ici pour voir le certificat<\/span>\n\t<\/a>\n\n\n\n\t\t<\/div>\n\t\t\t\t\t<\/div>\n\n\t\n\n<\/div>\n\n\t\t<\/div>\n\n\t\t\n<style>\n#section_79634566 {\n  padding-top: 30px;\n  padding-bottom: 30px;\n}\n<\/style>\n\t<\/section>\n\t\n\n\t<section class=\"section\" id=\"section_1802821827\">\n\t\t<div class=\"section-bg fill\" >\n\t\t\t\n\t\t\t\n\t\t\t\n\t\t\t\n\n\t\t<\/div>\n\n\t\t\n\n\t\t<div class=\"section-content relative\">\n\t\t\t\n\n<div class=\"row\"  id=\"row-1272808753\">\n\n\n\t<div id=\"col-1963808682\" class=\"col medium-3 small-12 large-3\"  >\n\t\t\t\t<div class=\"col-inner\"  >\n\t\t\t\n\t\t\t\n\n\t<div class=\"img has-hover x md-x lg-x y md-y lg-y\" id=\"image_936486465\">\n\t\t\t\t\t\t\t\t<div class=\"img-inner box-shadow-1 dark\" >\n\t\t\t<img loading=\"lazy\" decoding=\"async\" width=\"600\" height=\"420\" src=\"https:\/\/www.profilatileggeri.com\/fr\/wp-content\/uploads\/certificazioni-OK.jpg\" class=\"attachment-large size-large\" alt=\"\" srcset=\"https:\/\/www.profilatileggeri.com\/fr\/wp-content\/uploads\/certificazioni-OK.jpg 600w, https:\/\/www.profilatileggeri.com\/fr\/wp-content\/uploads\/certificazioni-OK-510x357.jpg 510w, https:\/\/www.profilatileggeri.com\/fr\/wp-content\/uploads\/certificazioni-OK-571x400.jpg 571w\" sizes=\"auto, (max-width: 600px) 100vw, 600px\" \/>\t\t\t\t\t\t\n\t\t\t\t\t<\/div>\n\t\t\t\t\t\t\t\t\n<style>\n#image_936486465 {\n  width: 100%;\n}\n<\/style>\n\t<\/div>\n\t\n\n\n\t\t<\/div>\n\t\t\t\t\t<\/div>\n\n\t\n\n\t<div id=\"col-1793016036\" class=\"col medium-1 small-12 large-1\"  >\n\t\t\t\t<div class=\"col-inner\"  >\n\t\t\t\n\t\t\t\n\n\n\t\t<\/div>\n\t\t\t\t\t<\/div>\n\n\t\n\n\t<div id=\"col-657028782\" class=\"col medium-8 small-12 large-8\"  >\n\t\t\t\t<div class=\"col-inner\"  >\n\t\t\t\n\t\t\t\n\n\t<div id=\"gap-1338364590\" class=\"gap-element clearfix\" style=\"display:block; height:auto;\">\n\t\t\n<style>\n#gap-1338364590 {\n  padding-top: 10px;\n}\n<\/style>\n\t<\/div>\n\t\n\n<h3 class=\"accordion_title\">Les produits de Profilati Leggeri Schiavetti sont marqu\u00e9s CE<\/h3><div class=\"accordion\">\n\n\t<div id=\"accordion-3084647248\" class=\"accordion-item\">\n\t\t<a id=\"accordion-3084647248-label\" class=\"accordion-title plain\" href=\"#accordion-item-les-lettres-ce-sur-un-produit-repr\u00e9sentent-la-d\u00e9claration-du-fabricant-selon-laquelle-les-exigences-des-directives-europ\u00e9ennes-pertinentes-ont-\u00e9t\u00e9-respect\u00e9es.\" aria-expanded=\"false\" aria-controls=\"accordion-3084647248-content\" >\n\t\t\t<button class=\"toggle\" aria-label=\"Attiva\/Disattiva\"><i class=\"icon-angle-down\"><\/i><\/button>\n\t\t\t<span>Les lettres CE sur un produit repr\u00e9sentent la d\u00e9claration du fabricant selon laquelle les exigences des directives europ\u00e9ennes pertinentes ont \u00e9t\u00e9 respect\u00e9es.<\/span>\n\t\t<\/a>\n\t\t<div id=\"accordion-3084647248-content\" class=\"accordion-inner\" aria-labelledby=\"accordion-3084647248-label\" >\n\t\t\t\n\n<p style=\"text-align: justify;\">De nombreux produits sont soumis \u00e0 des directives et pour certains, tels que les produits de construction, le produit doit \u00eatre fourni par loi de la marque CE.<br \/>\nLa marque CE sur un produit indique que les niveaux minimaux de qualit\u00e9 et de sant\u00e9 et de s\u00e9curit\u00e9 ont \u00e9t\u00e9 atteints.<\/p>\n\n\t\t<\/div>\n\t<\/div>\n\t\n\n<\/div>\n\n\t\t<\/div>\n\t\t\t\t\t<\/div>\n\n\t\n\n<\/div>\n\n\t\t<\/div>\n\n\t\t\n<style>\n#section_1802821827 {\n  padding-top: 30px;\n  padding-bottom: 30px;\n}\n<\/style>\n\t<\/section>\n\t","protected":false},"excerpt":{"rendered":"","protected":false},"author":1,"featured_media":10,"parent":0,"menu_order":19,"comment_status":"closed","ping_status":"closed","template":"page-blank.php","meta":{"footnotes":""},"yst_prominent_words":[1106,1114,1108,1100,1122,1109,1103,359,1102,1121,1113,1117,1099,358,349,1115,1119,1101,1116,1107],"class_list":["post-2696","page","type-page","status-publish","has-post-thumbnail","hentry"],"_links":{"self":[{"href":"https:\/\/www.profilatileggeri.com\/fr\/wp-json\/wp\/v2\/pages\/2696","targetHints":{"allow":["GET"]}}],"collection":[{"href":"https:\/\/www.profilatileggeri.com\/fr\/wp-json\/wp\/v2\/pages"}],"about":[{"href":"https:\/\/www.profilatileggeri.com\/fr\/wp-json\/wp\/v2\/types\/page"}],"author":[{"embeddable":true,"href":"https:\/\/www.profilatileggeri.com\/fr\/wp-json\/wp\/v2\/users\/1"}],"replies":[{"embeddable":true,"href":"https:\/\/www.profilatileggeri.com\/fr\/wp-json\/wp\/v2\/comments?post=2696"}],"version-history":[{"count":16,"href":"https:\/\/www.profilatileggeri.com\/fr\/wp-json\/wp\/v2\/pages\/2696\/revisions"}],"predecessor-version":[{"id":3441,"href":"https:\/\/www.profilatileggeri.com\/fr\/wp-json\/wp\/v2\/pages\/2696\/revisions\/3441"}],"wp:featuredmedia":[{"embeddable":true,"href":"https:\/\/www.profilatileggeri.com\/fr\/wp-json\/wp\/v2\/media\/10"}],"wp:attachment":[{"href":"https:\/\/www.profilatileggeri.com\/fr\/wp-json\/wp\/v2\/media?parent=2696"}],"wp:term":[{"taxonomy":"yst_prominent_words","embeddable":true,"href":"https:\/\/www.profilatileggeri.com\/fr\/wp-json\/wp\/v2\/yst_prominent_words?post=2696"}],"curies":[{"name":"wp","href":"https:\/\/api.w.org\/{rel}","templated":true}]}}