{"id":353,"date":"2018-03-13T16:19:28","date_gmt":"2018-03-13T15:19:28","guid":{"rendered":"http:\/\/www.profilatileggeri.com\/fr\/\/?page_id=353"},"modified":"2025-07-31T11:11:27","modified_gmt":"2025-07-31T10:11:27","slug":"prodotti","status":"publish","type":"page","link":"https:\/\/www.profilatileggeri.com\/fr\/prodotti\/","title":{"rendered":"Produits"},"content":{"rendered":"\n  <div class=\"banner has-hover has-parallax\" id=\"banner-366374738\">\n          <div class=\"banner-inner fill\">\n        <div class=\"banner-bg fill\" data-parallax=\"-2\" data-parallax-container=\".banner\" data-parallax-background>\n\t\t\t<img loading=\"lazy\" decoding=\"async\" width=\"1020\" height=\"542\" src=\"https:\/\/www.profilatileggeri.com\/fr\/wp-content\/uploads\/copertina-1400x744.jpg\" class=\"bg\" alt=\"\" srcset=\"https:\/\/www.profilatileggeri.com\/fr\/wp-content\/uploads\/copertina-1400x744.jpg 1400w, https:\/\/www.profilatileggeri.com\/fr\/wp-content\/uploads\/copertina-510x271.jpg 510w, https:\/\/www.profilatileggeri.com\/fr\/wp-content\/uploads\/copertina-752x400.jpg 752w, https:\/\/www.profilatileggeri.com\/fr\/wp-content\/uploads\/copertina-768x408.jpg 768w, https:\/\/www.profilatileggeri.com\/fr\/wp-content\/uploads\/copertina.jpg 1920w\" sizes=\"auto, (max-width: 1020px) 100vw, 1020px\" \/>                        <div class=\"overlay\"><\/div>            \n                    <\/div>\n\t\t\n        <div class=\"banner-layers container\">\n            <div class=\"fill banner-link\"><\/div>            \n\n   <div id=\"text-box-1569241271\" class=\"text-box banner-layer x50 md-x50 lg-x50 y50 md-y50 lg-y50 res-text\">\n                                <div class=\"text-box-content text \">\n              \n              <div class=\"text-inner text-center\">\n                  \n\n<h3 class=\"uppercase\"><strong>NOS PRODUITS: TYPES ET APPLICATIONS <\/strong><\/h3>\n<div class=\"is-divider divider clearfix\" style=\"margin-top:1.2em;margin-bottom:1.2em;max-width:67px;\"><\/div>\n\n<a href=\"\/fr\/prodotti-a-catalogo\/\" class=\"button primary is-outline\"  >\n\t\t<span>CATALOGUE<\/span>\n\t<\/a>\n\n\n<a href=\"\/fr\/prodotti-su-misura\/\" class=\"button primary is-outline\"  >\n\t\t<span>PRODUITS PERSONNALIS\u00c9S<\/span>\n\t<\/a>\n\n\n\n              <\/div>\n           <\/div>\n                            \n<style>\n#text-box-1569241271 {\n  width: 92%;\n}\n#text-box-1569241271 .text-box-content {\n  font-size: 100%;\n}\n<\/style>\n    <\/div>\n \n\n        <\/div>\n      <\/div>\n\n            \n<style>\n#banner-366374738 {\n  padding-top: 280px;\n}\n#banner-366374738 .overlay {\n  background-color: rgba(255, 255, 255, 0.72);\n}\n#banner-366374738 .bg {\n  object-position: 46% 55%;\n}\n<\/style>\n  <\/div>\n\n\n<div class=\"is-divider divider clearfix\" style=\"max-width:20px;background-color:rgb(255, 255, 255);\"><\/div>\n\n<div class=\"row align-middle align-center\"  id=\"row-713773971\">\n\n\n\t<div id=\"col-901698328\" class=\"col small-12 large-12\"  >\n\t\t\t\t<div class=\"col-inner\"  >\n\t\t\t\n\t\t\t\n\n<p style=\"text-align: center;\">Profilati Leggeri Schiavetti, un des premiers producteurs \u00e0 croire au d\u00e9veloppement du secteur des &#8220;plaques de pl\u00e2tre&#8221;, est un leader dans la production de profil\u00e9s m\u00e9talliques. Nous avons 50 ans d&#8217;exp\u00e9rience, passion, enthousiasme et \u00e9nergie et nous travaillons chaque jour pour une gamme plus large de produits, pour une meilleure qualit\u00e9 et pour un service toujours plus fiable. Nos solutions peuvent satisfaire nos clients dans les secteurs de la construction et des installations \u00e9lectriques \/ hydrauliques.<\/p>\n\n\t\t<\/div>\n\t\t\t\t\t<\/div>\n\n\t\n\n<\/div>\n<div class=\"row\"  id=\"row-914336165\">\n\n\n\t<div id=\"col-32896605\" class=\"col medium-4 small-12 large-4\"  >\n\t\t\t\t<div class=\"col-inner\"  >\n\t\t\t\n\t\t\t\n\n\t<div class=\"box has-hover   has-hover box-default box-text-bottom\" >\n\n\t\t<div class=\"box-image\" >\n\t\t\t<a href=\"\/fr\/profili-per-cartongesso\/\" >\t\t\t<div class=\"\" >\n\t\t\t\t<img loading=\"lazy\" decoding=\"async\" width=\"599\" height=\"600\" src=\"https:\/\/www.profilatileggeri.com\/fr\/wp-content\/uploads\/10-della-rev-1.jpg\" class=\"attachment- size-\" alt=\"\" srcset=\"https:\/\/www.profilatileggeri.com\/fr\/wp-content\/uploads\/10-della-rev-1.jpg 599w, https:\/\/www.profilatileggeri.com\/fr\/wp-content\/uploads\/10-della-rev-1-100x100.jpg 100w, https:\/\/www.profilatileggeri.com\/fr\/wp-content\/uploads\/10-della-rev-1-510x511.jpg 510w, https:\/\/www.profilatileggeri.com\/fr\/wp-content\/uploads\/10-della-rev-1-300x300.jpg 300w, https:\/\/www.profilatileggeri.com\/fr\/wp-content\/uploads\/10-della-rev-1-399x400.jpg 399w\" sizes=\"auto, (max-width: 599px) 100vw, 599px\" \/>\t\t\t\t\t\t\t\t\t\t\t<\/div>\n\t\t\t<\/a>\t\t<\/div>\n\n\t\t<div class=\"box-text text-center\" >\n\t\t\t<div class=\"box-text-inner\">\n\t\t\t\t\n\n\t<div id=\"gap-562700646\" class=\"gap-element clearfix\" style=\"display:block; height:auto;\">\n\t\t\n<style>\n#gap-562700646 {\n  padding-top: 15px;\n}\n<\/style>\n\t<\/div>\n\t\n\n<h3 class=\"accordion_title\">PROFIL\u0116S POUR PLAQUES DE PL\u00c2TRE<\/h3><div class=\"accordion\">\n\n\t<div id=\"accordion-4081952888\" class=\"accordion-item\">\n\t\t<a id=\"accordion-4081952888-label\" class=\"accordion-title plain\" href=\"#accordion-item-les-profil\u00e9s-pour-plaques-de-pl\u00e2tre-de-la-profilati-leggeri-schiavetti-sont-conformes-\u00e0-la-norme-europ\u00e9enne-en-14195,\" aria-expanded=\"false\" aria-controls=\"accordion-4081952888-content\" >\n\t\t\t<button class=\"toggle\" aria-label=\"Attiva\/Disattiva\"><i class=\"icon-angle-down\"><\/i><\/button>\n\t\t\t<span>Les profil\u00e9s pour plaques de pl\u00e2tre de la Profilati Leggeri Schiavetti sont conformes \u00e0 la norme europ\u00e9enne EN 14195,<\/span>\n\t\t<\/a>\n\t\t<div id=\"accordion-4081952888-content\" class=\"accordion-inner\" aria-labelledby=\"accordion-4081952888-label\" >\n\t\t\t\n\n<p style=\"text-align: justify;\">qui r\u00e9gule les caract\u00e9ristiques g\u00e9om\u00e9triques, statiques et de r\u00e9sistance au feu des structures avec plaques de pl\u00e2tre. Les normes de r\u00e9f\u00e9rence pour nos produits sont: pour l&#8217;acier galvanis\u00e9 UNI EN 10143, pour les tol\u00e9rances dimensionnelles UNI EN 14195. Nos profil\u00e9s pour plaques de pl\u00e2tre sont en acier galvanis\u00e9 DX51D + Z<\/p>\n\n\t\t<\/div>\n\t<\/div>\n\t\n\n<\/div>\n\n\t\t\t<\/div>\n\t\t<\/div>\n\t<\/div>\n\t\n\n\t\t<\/div>\n\t\t\t\t\t<\/div>\n\n\t\n\n\t<div id=\"col-1023600915\" class=\"col medium-4 small-12 large-4\"  >\n\t\t\t\t<div class=\"col-inner\"  >\n\t\t\t\n\t\t\t\n\n\t<div class=\"box has-hover   has-hover box-default box-text-bottom\" >\n\n\t\t<div class=\"box-image\" >\n\t\t\t<a href=\"\/fr\/profili-per-fissaggio\/\" >\t\t\t<div class=\"\" >\n\t\t\t\t<img loading=\"lazy\" decoding=\"async\" width=\"600\" height=\"600\" src=\"https:\/\/www.profilatileggeri.com\/fr\/wp-content\/uploads\/FOTO-da-premus-36-home.jpg\" class=\"attachment- size-\" alt=\"profili per fissaggio\" srcset=\"https:\/\/www.profilatileggeri.com\/fr\/wp-content\/uploads\/FOTO-da-premus-36-home.jpg 600w, https:\/\/www.profilatileggeri.com\/fr\/wp-content\/uploads\/FOTO-da-premus-36-home-100x100.jpg 100w, https:\/\/www.profilatileggeri.com\/fr\/wp-content\/uploads\/FOTO-da-premus-36-home-510x510.jpg 510w, https:\/\/www.profilatileggeri.com\/fr\/wp-content\/uploads\/FOTO-da-premus-36-home-300x300.jpg 300w, https:\/\/www.profilatileggeri.com\/fr\/wp-content\/uploads\/FOTO-da-premus-36-home-400x400.jpg 400w\" sizes=\"auto, (max-width: 600px) 100vw, 600px\" \/>\t\t\t\t\t\t\t\t\t\t\t<\/div>\n\t\t\t<\/a>\t\t<\/div>\n\n\t\t<div class=\"box-text text-center\" >\n\t\t\t<div class=\"box-text-inner\">\n\t\t\t\t\n\n\t<div id=\"gap-239565390\" class=\"gap-element clearfix\" style=\"display:block; height:auto;\">\n\t\t\n<style>\n#gap-239565390 {\n  padding-top: 15px;\n}\n<\/style>\n\t<\/div>\n\t\n\n<h3 class=\"accordion_title\">PROFIL\u0116S DE FIXATION<\/h3><div class=\"accordion\">\n\n\t<div id=\"accordion-3840500911\" class=\"accordion-item\">\n\t\t<a id=\"accordion-3840500911-label\" class=\"accordion-title plain\" href=\"#accordion-item-les-profil\u00e9s-de-fixation-de-la-profilati-leggeri-schiavetti-trouvent-leur-application-dans-les-secteurs-hydrauliques-et-\u00e9lectriques.\" aria-expanded=\"false\" aria-controls=\"accordion-3840500911-content\" >\n\t\t\t<button class=\"toggle\" aria-label=\"Attiva\/Disattiva\"><i class=\"icon-angle-down\"><\/i><\/button>\n\t\t\t<span>Les profil\u00e9s de fixation de la Profilati Leggeri Schiavetti trouvent leur application dans les secteurs hydrauliques et \u00e9lectriques.<\/span>\n\t\t<\/a>\n\t\t<div id=\"accordion-3840500911-content\" class=\"accordion-inner\" aria-labelledby=\"accordion-3840500911-label\" >\n\t\t\t\n\n<p style=\"text-align: justify;\">Nos profil\u00e9s de fixation sont fabriqu\u00e9s avec les mat\u00e9riaux m\u00e9talliques les plus courants.<\/p>\n<p style=\"text-align: justify;\">Les profil\u00e9es de fixation de la Profilati Leggeri Schiavetti peuvent \u00eatre produits pleins ou perfor\u00e9s selon les indications des clients. Il est possible aussi la production de profil\u00e9s perfor\u00e9s sur toutes les trois c\u00f4t\u00e9s.<\/p>\n\n\t\t<\/div>\n\t<\/div>\n\t\n\n<\/div>\n\n\t\t\t<\/div>\n\t\t<\/div>\n\t<\/div>\n\t\n\n\t\t<\/div>\n\t\t\t\t\t<\/div>\n\n\t\n\n\t<div id=\"col-1572393720\" class=\"col medium-4 small-12 large-4\"  >\n\t\t\t\t<div class=\"col-inner\"  >\n\t\t\t\n\t\t\t\n\n\t<div class=\"box has-hover   has-hover box-default box-text-bottom\" >\n\n\t\t<div class=\"box-image\" >\n\t\t\t<a href=\"\/fr\/profili-per-cartongesso-certificati-cstb\/\" >\t\t\t<div class=\"\" >\n\t\t\t\t<img loading=\"lazy\" decoding=\"async\" width=\"600\" height=\"600\" src=\"https:\/\/www.profilatileggeri.com\/fr\/wp-content\/uploads\/PROFILO-CARTONGESSO.jpg\" class=\"attachment- size-\" alt=\"\" srcset=\"https:\/\/www.profilatileggeri.com\/fr\/wp-content\/uploads\/PROFILO-CARTONGESSO.jpg 600w, https:\/\/www.profilatileggeri.com\/fr\/wp-content\/uploads\/PROFILO-CARTONGESSO-400x400.jpg 400w, https:\/\/www.profilatileggeri.com\/fr\/wp-content\/uploads\/PROFILO-CARTONGESSO-300x300.jpg 300w, https:\/\/www.profilatileggeri.com\/fr\/wp-content\/uploads\/PROFILO-CARTONGESSO-510x510.jpg 510w, https:\/\/www.profilatileggeri.com\/fr\/wp-content\/uploads\/PROFILO-CARTONGESSO-100x100.jpg 100w\" sizes=\"auto, (max-width: 600px) 100vw, 600px\" \/>\t\t\t\t\t\t\t\t\t\t\t<\/div>\n\t\t\t<\/a>\t\t<\/div>\n\n\t\t<div class=\"box-text text-center\" >\n\t\t\t<div class=\"box-text-inner\">\n\t\t\t\t\n\n\t<div id=\"gap-366993777\" class=\"gap-element clearfix\" style=\"display:block; height:auto;\">\n\t\t\n<style>\n#gap-366993777 {\n  padding-top: 15px;\n}\n<\/style>\n\t<\/div>\n\t\n\n<h3 class=\"accordion_title\">AUTRES PROFIL\u0116S POUR PLAQUES DE PL\u00c2TRE<\/h3><div class=\"accordion\">\n\n\t<div id=\"accordion-3180146543\" class=\"accordion-item\">\n\t\t<a id=\"accordion-3180146543-label\" class=\"accordion-title plain\" href=\"#accordion-item-les-profil\u00e9s-pour-plaques-de-pl\u00e2tre-de-la-profilati-leggeri-schiavetti-sont-conformes-\u00e0-la-norme-europ\u00e9enne-en-14195.\" aria-expanded=\"false\" aria-controls=\"accordion-3180146543-content\" >\n\t\t\t<button class=\"toggle\" aria-label=\"Attiva\/Disattiva\"><i class=\"icon-angle-down\"><\/i><\/button>\n\t\t\t<span>Les profil\u00e9s pour plaques de pl\u00e2tre de la Profilati Leggeri Schiavetti sont conformes \u00e0 la norme europ\u00e9enne EN 14195.<\/span>\n\t\t<\/a>\n\t\t<div id=\"accordion-3180146543-content\" class=\"accordion-inner\" aria-labelledby=\"accordion-3180146543-label\" >\n\t\t\t\n\n<p style=\"text-align: justify;\">qui r\u00e9gule les caract\u00e9ristiques g\u00e9om\u00e9triques, statiques et de r\u00e9sistance au feu des structures avec plaques de pl\u00e2tre. Les normes de r\u00e9f\u00e9rence pour nos produits sont: pour l&#8217;acier galvanis\u00e9 UNI EN 10143, pour les tol\u00e9rances dimensionnelles UNI EN 14195.<\/p>\n\n\t\t<\/div>\n\t<\/div>\n\t\n\n<\/div>\n\n\t\t\t<\/div>\n\t\t<\/div>\n\t<\/div>\n\t\n\n\t\t<\/div>\n\t\t\t\t\t<\/div>\n\n\t\n\n<\/div>\n\t<div id=\"gap-754233090\" class=\"gap-element clearfix\" style=\"display:block; height:auto;\">\n\t\t\n<style>\n#gap-754233090 {\n  padding-top: 50px;\n}\n<\/style>\n\t<\/div>\n\t\n\n<div class=\"row\"  id=\"row-1184443800\">\n\n\n\t<div id=\"col-1268324957\" class=\"col medium-2 small-12 large-2\"  >\n\t\t\t\t<div class=\"col-inner\"  >\n\t\t\t\n\t\t\t\n\n\n\t\t<\/div>\n\t\t\t\t\t<\/div>\n\n\t\n\n\t<div id=\"col-1330831468\" class=\"col medium-4 small-12 large-4\"  >\n\t\t\t\t<div class=\"col-inner\"  >\n\t\t\t\n\t\t\t\n\n\t<div class=\"box has-hover   has-hover box-default box-text-bottom\" >\n\n\t\t<div class=\"box-image\" >\n\t\t\t<a href=\"\/fr\/profili-per-incasso\/\" >\t\t\t<div class=\"\" >\n\t\t\t\t<img loading=\"lazy\" decoding=\"async\" width=\"600\" height=\"600\" src=\"https:\/\/www.profilatileggeri.com\/fr\/wp-content\/uploads\/FOTO-da-premus-57.jpg\" class=\"attachment- size-\" alt=\"Profili per Incasso\" srcset=\"https:\/\/www.profilatileggeri.com\/fr\/wp-content\/uploads\/FOTO-da-premus-57.jpg 600w, https:\/\/www.profilatileggeri.com\/fr\/wp-content\/uploads\/FOTO-da-premus-57-100x100.jpg 100w, https:\/\/www.profilatileggeri.com\/fr\/wp-content\/uploads\/FOTO-da-premus-57-510x510.jpg 510w, https:\/\/www.profilatileggeri.com\/fr\/wp-content\/uploads\/FOTO-da-premus-57-300x300.jpg 300w, https:\/\/www.profilatileggeri.com\/fr\/wp-content\/uploads\/FOTO-da-premus-57-400x400.jpg 400w\" sizes=\"auto, (max-width: 600px) 100vw, 600px\" \/>\t\t\t\t\t\t\t\t\t\t\t<\/div>\n\t\t\t<\/a>\t\t<\/div>\n\n\t\t<div class=\"box-text text-center\" >\n\t\t\t<div class=\"box-text-inner\">\n\t\t\t\t\n\n\t<div id=\"gap-726858144\" class=\"gap-element clearfix\" style=\"display:block; height:auto;\">\n\t\t\n<style>\n#gap-726858144 {\n  padding-top: 15px;\n}\n<\/style>\n\t<\/div>\n\t\n\n<h3 class=\"accordion_title\">PROFIL\u0116S D'ENCADREMENT<\/h3><div class=\"accordion\">\n\n\t<div id=\"accordion-1737775370\" class=\"accordion-item\">\n\t\t<a id=\"accordion-1737775370-label\" class=\"accordion-title plain\" href=\"#accordion-item-les-profil\u00e9s-d&#039;encadrement-de-la-profilati-leggeri-schiavetti-sont-utilis\u00e9s-pour-l&#039;encadrement-de-produits-plats.\" aria-expanded=\"false\" aria-controls=\"accordion-1737775370-content\" >\n\t\t\t<button class=\"toggle\" aria-label=\"Attiva\/Disattiva\"><i class=\"icon-angle-down\"><\/i><\/button>\n\t\t\t<span>Les profil\u00e9s d'encadrement de la Profilati Leggeri Schiavetti sont utilis\u00e9s pour l'encadrement de produits plats.<\/span>\n\t\t<\/a>\n\t\t<div id=\"accordion-1737775370-content\" class=\"accordion-inner\" aria-labelledby=\"accordion-1737775370-label\" >\n\t\t\t\n\n<p style=\"text-align: justify;\">Nos profil\u00e9s d&#8217;encadrement sont fabriqu\u00e9s avec les mat\u00e9riaux m\u00e9talliques les plus courants.<\/p>\n\n\t\t<\/div>\n\t<\/div>\n\t\n\n<\/div>\n\n\t\t\t<\/div>\n\t\t<\/div>\n\t<\/div>\n\t\n\n\t\t<\/div>\n\t\t\t\t\t<\/div>\n\n\t\n\n\t<div id=\"col-1603557240\" class=\"col medium-4 small-12 large-4\"  >\n\t\t\t\t<div class=\"col-inner\"  >\n\t\t\t\n\t\t\t\n\n\t<div class=\"box has-hover   has-hover box-default box-text-bottom\" >\n\n\t\t<div class=\"box-image\" >\n\t\t\t<a href=\"\/fr\/prodotti-su-misura\/\" >\t\t\t<div class=\"\" >\n\t\t\t\t<img loading=\"lazy\" decoding=\"async\" width=\"600\" height=\"600\" src=\"https:\/\/www.profilatileggeri.com\/fr\/wp-content\/uploads\/FOTO-da-premus-1.jpg\" class=\"attachment- size-\" alt=\"profili speciali\" srcset=\"https:\/\/www.profilatileggeri.com\/fr\/wp-content\/uploads\/FOTO-da-premus-1.jpg 600w, https:\/\/www.profilatileggeri.com\/fr\/wp-content\/uploads\/FOTO-da-premus-1-100x100.jpg 100w, https:\/\/www.profilatileggeri.com\/fr\/wp-content\/uploads\/FOTO-da-premus-1-510x510.jpg 510w, https:\/\/www.profilatileggeri.com\/fr\/wp-content\/uploads\/FOTO-da-premus-1-300x300.jpg 300w, https:\/\/www.profilatileggeri.com\/fr\/wp-content\/uploads\/FOTO-da-premus-1-400x400.jpg 400w\" sizes=\"auto, (max-width: 600px) 100vw, 600px\" \/>\t\t\t\t\t\t\t\t\t\t\t<\/div>\n\t\t\t<\/a>\t\t<\/div>\n\n\t\t<div class=\"box-text text-center\" >\n\t\t\t<div class=\"box-text-inner\">\n\t\t\t\t\n\n\t<div id=\"gap-1850239493\" class=\"gap-element clearfix\" style=\"display:block; height:auto;\">\n\t\t\n<style>\n#gap-1850239493 {\n  padding-top: 15px;\n}\n<\/style>\n\t<\/div>\n\t\n\n<h3 class=\"accordion_title\">PRODUITS PERSONNALIS\u00c9S<\/h3><div class=\"accordion\">\n\n\t<div id=\"accordion-2434268582\" class=\"accordion-item\">\n\t\t<a id=\"accordion-2434268582-label\" class=\"accordion-title plain\" href=\"#accordion-item-profilati-leggeri-schiavetti-r\u00e9ponde-aux-exigences-sp\u00e9cifiques-des-clients-avec-la-production-de-profil\u00e9s-personnalis\u00e9s.\" aria-expanded=\"false\" aria-controls=\"accordion-2434268582-content\" >\n\t\t\t<button class=\"toggle\" aria-label=\"Attiva\/Disattiva\"><i class=\"icon-angle-down\"><\/i><\/button>\n\t\t\t<span>Profilati Leggeri Schiavetti r\u00e9ponde aux exigences sp\u00e9cifiques des clients avec la production de profil\u00e9s personnalis\u00e9s.<\/span>\n\t\t<\/a>\n\t\t<div id=\"accordion-2434268582-content\" class=\"accordion-inner\" aria-labelledby=\"accordion-2434268582-label\" >\n\t\t\t\n\n<p style=\"text-align: justify;\">Pour avoir plusieurs d&#8217;information t\u00e9cniques et d\u00e9tails, vous pouvez visiter la page <a href=\"\/fr\/prodotti-su-misura\/\">\u2018Produits Personnalis\u00e9s&#8217;<\/a>.<\/p>\n\n\t\t<\/div>\n\t<\/div>\n\t\n\n<\/div>\n\n\t\t\t<\/div>\n\t\t<\/div>\n\t<\/div>\n\t\n\n\t\t<\/div>\n\t\t\t\t\t<\/div>\n\n\t\n\n\t<div id=\"col-1622620852\" class=\"col medium-2 small-12 large-2\"  >\n\t\t\t\t<div class=\"col-inner\"  >\n\t\t\t\n\t\t\t\n\n\n\t\t<\/div>\n\t\t\t\t\t<\/div>\n\n\t\n\n<\/div>\n<div class=\"is-divider divider clearfix\" style=\"height:0px;background-color:rgba(255, 255, 255, 0);\"><\/div>","protected":false},"excerpt":{"rendered":"","protected":false},"author":1,"featured_media":0,"parent":0,"menu_order":0,"comment_status":"closed","ping_status":"closed","template":"page-blank.php","meta":{"footnotes":""},"yst_prominent_words":[1326,1320,1334,1324,1323,1321,1319,1332,1333,1337,1336,1338,1335,1318,1325,1339,1322],"class_list":["post-353","page","type-page","status-publish","hentry"],"_links":{"self":[{"href":"https:\/\/www.profilatileggeri.com\/fr\/wp-json\/wp\/v2\/pages\/353","targetHints":{"allow":["GET"]}}],"collection":[{"href":"https:\/\/www.profilatileggeri.com\/fr\/wp-json\/wp\/v2\/pages"}],"about":[{"href":"https:\/\/www.profilatileggeri.com\/fr\/wp-json\/wp\/v2\/types\/page"}],"author":[{"embeddable":true,"href":"https:\/\/www.profilatileggeri.com\/fr\/wp-json\/wp\/v2\/users\/1"}],"replies":[{"embeddable":true,"href":"https:\/\/www.profilatileggeri.com\/fr\/wp-json\/wp\/v2\/comments?post=353"}],"version-history":[{"count":15,"href":"https:\/\/www.profilatileggeri.com\/fr\/wp-json\/wp\/v2\/pages\/353\/revisions"}],"predecessor-version":[{"id":3445,"href":"https:\/\/www.profilatileggeri.com\/fr\/wp-json\/wp\/v2\/pages\/353\/revisions\/3445"}],"wp:attachment":[{"href":"https:\/\/www.profilatileggeri.com\/fr\/wp-json\/wp\/v2\/media?parent=353"}],"wp:term":[{"taxonomy":"yst_prominent_words","embeddable":true,"href":"https:\/\/www.profilatileggeri.com\/fr\/wp-json\/wp\/v2\/yst_prominent_words?post=353"}],"curies":[{"name":"wp","href":"https:\/\/api.w.org\/{rel}","templated":true}]}}