{"id":44,"date":"2016-03-31T14:08:59","date_gmt":"2016-03-31T14:08:59","guid":{"rendered":"http:\/\/flatsome.dev\/?page_id=7002"},"modified":"2018-10-31T16:23:50","modified_gmt":"2018-10-31T15:23:50","slug":"azienda","status":"publish","type":"page","link":"https:\/\/www.profilatileggeri.com\/fr\/azienda\/","title":{"rendered":"Soci\u00e9t\u00e9"},"content":{"rendered":"\n  <div class=\"banner has-hover has-parallax\" id=\"banner-1137336275\">\n          <div class=\"banner-inner fill\">\n        <div class=\"banner-bg fill\" data-parallax=\"-2\" data-parallax-container=\".banner\" data-parallax-background>\n\t\t\t<img loading=\"lazy\" decoding=\"async\" width=\"1020\" height=\"542\" src=\"https:\/\/www.profilatileggeri.com\/fr\/wp-content\/uploads\/copertina-1400x744.jpg\" class=\"bg\" alt=\"\" srcset=\"https:\/\/www.profilatileggeri.com\/fr\/wp-content\/uploads\/copertina-1400x744.jpg 1400w, https:\/\/www.profilatileggeri.com\/fr\/wp-content\/uploads\/copertina-510x271.jpg 510w, https:\/\/www.profilatileggeri.com\/fr\/wp-content\/uploads\/copertina-752x400.jpg 752w, https:\/\/www.profilatileggeri.com\/fr\/wp-content\/uploads\/copertina-768x408.jpg 768w, https:\/\/www.profilatileggeri.com\/fr\/wp-content\/uploads\/copertina.jpg 1920w\" sizes=\"auto, (max-width: 1020px) 100vw, 1020px\" \/>                        <div class=\"overlay\"><\/div>            \n                    <\/div>\n\t\t\n        <div class=\"banner-layers container\">\n            <div class=\"fill banner-link\"><\/div>            \n   <div id=\"text-box-1707726911\" class=\"text-box banner-layer x50 md-x50 lg-x50 y50 md-y50 lg-y50 res-text\">\n                                <div class=\"text-box-content text \">\n              \n              <div class=\"text-inner text-center\">\n                  \n<h3 class=\"uppercase\"><strong>societ\u00c9<\/strong><\/h3>\n<div class=\"is-divider divider clearfix\" style=\"margin-top:1.2em;margin-bottom:1.2em;max-width:67px;\"><\/div>\n<a href=\"https:\/\/www.tolesperforeesschiavetti.fr\/wp-content\/uploads\/company-policy.pdf\" target=\"_blank\" class=\"button primary is-outline is-normal\" rel=\"noopener\"  >\n\t\t<span>Politique d'entreprise<\/span>\n\t<\/a>\n\n              <\/div>\n           <\/div>\n                            \n<style>\n#text-box-1707726911 {\n  width: 60%;\n}\n#text-box-1707726911 .text-box-content {\n  font-size: 100%;\n}\n<\/style>\n    <\/div>\n \n        <\/div>\n      <\/div>\n\n            \n<style>\n#banner-1137336275 {\n  padding-top: 280px;\n}\n#banner-1137336275 .overlay {\n  background-color: rgba(255, 255, 255, 0.57);\n}\n#banner-1137336275 .bg {\n  object-position: 49% 53%;\n}\n<\/style>\n  <\/div>\n\n\n\n\t<section class=\"section\" id=\"section_926646134\">\n\t\t<div class=\"section-bg fill\" >\n\t\t\t\n\t\t\t\n\t\t\t\n\t\t\t\n\n\t\t<\/div>\n\n\t\t\n\n\t\t<div class=\"section-content relative\">\n\t\t\t\n<div class=\"is-divider divider clearfix\" style=\"height:20px;background-color:rgba(255, 255, 255, 0);\"><\/div>\n<div class=\"row row-large\" style=\"max-width:1350px\" id=\"row-1211037141\">\n\n\t<div id=\"col-792837658\" class=\"col medium-6 small-12 large-6\"  >\n\t\t\t\t<div class=\"col-inner text-center\"  >\n\t\t\t\n\t\t\t\n<h2 style=\"text-align: center;\">QUI NOUS SOMMES<\/h2>\n<div class=\"is-divider divider clearfix\" style=\"height:6px;background-color:rgba(255, 255, 255, 0);\"><\/div>\n<p style=\"font-size: 17px; color: #555; text-align: justify;\">Profilati Leggeri Schiavetti est une Division de la Schiavetti Lamiere forate, specializ\u00e9e dans la production de Profil\u00e9s M\u00e9talliques.<\/p>\n<p style=\"font-size: 17px; color: #555; text-align: justify;\">Dans le cours des ann\u00e9es la Soci\u00e9t\u00e9 a develop\u00e9e 4 secteurs:<\/p>\n<ul>\n<li style=\"font-size: 17px; color: #555; text-align: left;\">profil\u00e9s m\u00e9talliques pour plaques de platre<\/li>\n<li style=\"font-size: 17px; color: #555; text-align: left;\">profil\u00e9s m\u00e9talliques pour ancrage\/fixation pour le secteur hydraulique\/\u00e9lectrique<\/li>\n<li style=\"font-size: 17px; color: #555; text-align: left;\">profils m\u00e9talliques pour m\u00e9taux en feuilles encastr\u00e9s ou forg\u00e9s<\/li>\n<li style=\"font-size: 17px; color: #555; text-align: left;\">profils m\u00e9talliques speciaux selon les specifications des clients<\/li>\n<\/ul>\n<p style=\"font-size: 17px; color: #555; text-align: justify;\">La recherche constante de normes de qualit\u00e9 et de service plus \u00e9lev\u00e9es, a permis \u00e0 Profilati Leggeri Schiavetti de d\u00e9velopper une pr\u00e9sence importante sur les march\u00e9s internationaux. Les exportations atteindent le 40% environ du chiffre d&#8217;affaires.<\/p>\n<p style=\"font-size: 17px; color: #555; text-align: justify;\">La possibilit\u00e9 de travailler des bandes en acier galvanis\u00e9, en acier brut, en acier inoxydable et en aluminium &#8211; d&#8217;une \u00e9paisseur de 0,5 mm \u00e0 4 mm &#8211; fait de Profilati Leggeri Schiavetti un partenaire id\u00e9al pour les clients exigeant des standard techniques \u00e9lev\u00e9es.<\/p>\n<p style=\"font-size: 17px; color: #555; text-align: justify;\">Les diff\u00e9rentes certifications obtenues par notre entreprise confirment sa fiabilit\u00e9 en termes organisationnels, techniques et commerciaux.<\/p>\n\t\t<\/div>\n\t\t\t\t\n<style>\n#col-792837658 > .col-inner {\n  padding: 0px 0px 0px 0px;\n  margin: 0px 0 0px 0px;\n}\n<\/style>\n\t<\/div>\n\n\t\n\n\t<div id=\"col-1618681207\" class=\"col medium-6 small-12 large-6\"  >\n\t\t\t\t<div class=\"col-inner\"  >\n\t\t\t\n\t\t\t\n<h2 style=\"text-align: center;\">NOTRE PRODUCTION<\/h2>\n<div class=\"is-divider divider clearfix\" style=\"height:6px;background-color:rgba(255, 255, 255, 0);\"><\/div>\n<p style=\"font-size: 17px; text-align: justify;\">Dans l&#8217;usine de Silvano d&#8217;Orba (AL) d&#8217;environ 4000 m\u00e8tres carr\u00e9s, les profils m\u00e9talliques sont r\u00e9alis\u00e9s jusqu&#8217;\u00e0 une \u00e9paisseur maximale de 4 mm en acier brut et de 3 mm en acier inoxydable.<\/p>\n<p style=\"font-size: 17px; text-align: justify;\">La pr\u00e9sence de techniciens experts, ainsi que le soutien technique du si\u00e8ge de Schiavetti Lamiere forate, \u00e0 Stazzano, ont permis une \u00e9volution constante des standards techniques de la Profilati Leggeri Schiavetti.<\/p>\n<p style=\"font-size: 17px; text-align: justify;\">En 2017, une nouvelle presse a \u00e9t\u00e9 install\u00e9e pour le per\u00e7age de profil\u00e9s \u00e0 haute \u00e9paisseur pour le secteur de la fixation.<\/p>\n<p style=\"font-size: 17px; text-align: justify;\">Le vaste assortiment de produits dans notre dep\u00f4t nous permet de livrer rapidement les commandes des clients des secteurs plaques de pl\u00e2tre &#8211; fixation &#8211; menuiserie.<\/p>\n<p style=\"font-size: 17px; text-align: justify;\">La pr\u00e9sence de 7 machines pour profil\u00e9s et de centaines de rouleaux est capable de satisfaire les demandes les plus particuli\u00e8res de profil\u00e9s m\u00e9talliques; la possibilit\u00e9 de r\u00e9aliser des moules de poin\u00e7onnage chez Schiavetti Lamiere forate, repr\u00e9sente pour le client une opportunit\u00e9 unique dans le vaste monde des profileurs m\u00e9talliques.<\/p>\n\t\t<\/div>\n\t\t\t\t\t<\/div>\n\n\t\n<\/div>\n<div class=\"is-divider divider clearfix\" style=\"height:20px;background-color:rgba(255, 255, 255, 0);\"><\/div>\n<div class=\"row row-large\" style=\"max-width:1350px\" id=\"row-303300004\">\n\n\t<div id=\"col-1267315795\" class=\"col medium-6 small-12 large-6\"  >\n\t\t\t\t<div class=\"col-inner\"  >\n\t\t\t\n\t\t\t\n<h2 style=\"text-align: center;\">NOTRE HISTOIRE<\/h2>\n<div class=\"is-divider divider clearfix\" style=\"height:6px;background-color:rgba(255, 255, 255, 0);\"><\/div>\n<p style=\"font-size: 17px; color: #555; text-align: justify;\">Fond\u00e9 en 1961 \u00e0 Cogoleto (GE) pour la production de profil\u00e9s m\u00e9talliques pour les parois int\u00e9rieures des bateaux de croisi\u00e8re, la Profilati Leggeri a d\u00e9velopp\u00e9 dans les ann\u00e9es une large gamme de profils lui permettant d&#8217;\u00eatre pr\u00e9sent dans diff\u00e9rents secteurs du march\u00e9.<\/p>\n<p style=\"font-size: 17px; color: #555; text-align: justify;\">Au d\u00e9but des ann\u00e9es 70, Profilati Leggeri \u00e9tait un des premiers producteurs \u00e0 croire au d\u00e9veloppement du secteur des \u00abplaques de pl\u00e2tre\u00bb. Il a \u00e9t\u00e9 pendant de nombreuses ann\u00e9es l&#8217;unit\u00e9 de production de r\u00e9f\u00e9rence de \u00abLAFARGE\u00bb (g\u00e9ant industriel fran\u00e7ais) &#8211; jusqu&#8217;en 2009 &#8211; lorsque le client a d\u00e9cid\u00e9 de d\u00e9velopper la production \u00e0 son int\u00e9rieur. La certification &#8220;NF&#8221; &#8211; obligatoire pour la vente de profils sur le territoire fran\u00e7ais &#8211; nous permet d&#8217;\u00eatre protagoniste de ce march\u00e9.<\/p>\n<p style=\"font-size: 17px; color: #555; text-align: justify;\">D&#8217;autres soci\u00e9t\u00e9s multinationales importantes dans les secteurs des plaques de pl\u00e2tre et des installations \u00e9lectriques\/hydrauliques ont, au fil des ans, accompagn\u00e9 avec leur confiance, le d\u00e9veloppement de notre r\u00e9alit\u00e9 de production.<\/p>\n<p style=\"font-size: 17px; color: #555; text-align: justify;\">En 2009, Profilati est devenue une division de la soci\u00e9t\u00e9 Schiavetti Lamiere forate, avec des avantages ind\u00e9niables d&#8217;un point de vue technique, commercial et de gestion.<\/p>\n\t\t<\/div>\n\t\t\t\t\t<\/div>\n\n\t\n\n\t<div id=\"col-1396026323\" class=\"col medium-6 small-12 large-6\"  >\n\t\t\t\t<div class=\"col-inner\"  >\n\t\t\t\n\t\t\t\n<h2 style=\"text-align: center;\">NOTRE MISSION<\/h2>\n<div class=\"is-divider divider clearfix\" style=\"height:6px;background-color:rgba(255, 255, 255, 0);\"><\/div>\n<p style=\"font-size: 17px; color: #555; text-align: justify;\">Notre mission est de comprendre les besoins du client afin de pouvoir le diriger vers la solution la plus agr\u00e9able et la r\u00e9aliser correctement. Toutes les personnes qui travaillent dans notre organisation sont constamment form\u00e9es pour \u00eatre au service de cette mission.<\/p>\n<p style=\"font-size: 17px; color: #555; text-align: justify;\">Profilati Leggeri Schiavetti poursuit et r\u00e9alise le but de fournir \u00e0 ses clients des produits de qualit\u00e9, r\u00e9pondant parfaitement \u00e0 leurs besoins en termes de temps, quantit\u00e9 et co\u00fbts.<\/p>\n<p style=\"font-size: 17px; color: #555; text-align: justify;\">L&#8217;am\u00e9lioration de tous les processus de l&#8217;entreprise est pratiqu\u00e9e \u00e0 tous les niveaux de la structure avec constance et d\u00e9vouement pour r\u00e9pondre aux attentes d&#8217;un march\u00e9 en \u00e9volution.<\/p>\n<p style=\"font-size: 17px; color: #555; text-align: justify;\">L&#8217;importance de la s\u00e9curit\u00e9 au travail, de l&#8217;\u00e9thique des relations avec le personnel et de la cha\u020bne de production sont aussi importantes que la qualit\u00e9 du produit final et la satisfaction de nos clients et ne doivent pas \u00eatre interpr\u00e9t\u00e9es seulement comme des obligations r\u00e9glementaires, mais comme un comportement appropri\u00e9 pour le respect des droits naturels des personnes.<\/p>\n\t\t<\/div>\n\t\t\t\t\n<style>\n#col-1396026323 > .col-inner {\n  padding: 0px 0px 0px 0px;\n}\n<\/style>\n\t<\/div>\n\n\t\n<\/div>\n<div class=\"is-divider divider clearfix\" style=\"height:20px;background-color:rgba(255, 255, 255, 0);\"><\/div>\n\t\t<\/div>\n\n\t\t\n<style>\n#section_926646134 {\n  padding-top: 30px;\n  padding-bottom: 30px;\n}\n<\/style>\n\t<\/section>\n\t\n","protected":false},"excerpt":{"rendered":"","protected":false},"author":1,"featured_media":10,"parent":0,"menu_order":19,"comment_status":"closed","ping_status":"closed","template":"page-blank.php","meta":{"footnotes":""},"yst_prominent_words":[1060,1069,1068,1054,1055,1056,1063,227,359,1059,1057,1067,1066,1065,358,349,1053,1052,226,1071],"class_list":["post-44","page","type-page","status-publish","has-post-thumbnail","hentry"],"_links":{"self":[{"href":"https:\/\/www.profilatileggeri.com\/fr\/wp-json\/wp\/v2\/pages\/44","targetHints":{"allow":["GET"]}}],"collection":[{"href":"https:\/\/www.profilatileggeri.com\/fr\/wp-json\/wp\/v2\/pages"}],"about":[{"href":"https:\/\/www.profilatileggeri.com\/fr\/wp-json\/wp\/v2\/types\/page"}],"author":[{"embeddable":true,"href":"https:\/\/www.profilatileggeri.com\/fr\/wp-json\/wp\/v2\/users\/1"}],"replies":[{"embeddable":true,"href":"https:\/\/www.profilatileggeri.com\/fr\/wp-json\/wp\/v2\/comments?post=44"}],"version-history":[{"count":7,"href":"https:\/\/www.profilatileggeri.com\/fr\/wp-json\/wp\/v2\/pages\/44\/revisions"}],"predecessor-version":[{"id":3244,"href":"https:\/\/www.profilatileggeri.com\/fr\/wp-json\/wp\/v2\/pages\/44\/revisions\/3244"}],"wp:featuredmedia":[{"embeddable":true,"href":"https:\/\/www.profilatileggeri.com\/fr\/wp-json\/wp\/v2\/media\/10"}],"wp:attachment":[{"href":"https:\/\/www.profilatileggeri.com\/fr\/wp-json\/wp\/v2\/media?parent=44"}],"wp:term":[{"taxonomy":"yst_prominent_words","embeddable":true,"href":"https:\/\/www.profilatileggeri.com\/fr\/wp-json\/wp\/v2\/yst_prominent_words?post=44"}],"curies":[{"name":"wp","href":"https:\/\/api.w.org\/{rel}","templated":true}]}}