{"id":646,"date":"2018-03-23T17:01:12","date_gmt":"2018-03-23T16:01:12","guid":{"rendered":"http:\/\/www.profilatileggeri.com\/fr\/\/?page_id=646"},"modified":"2018-11-06T16:55:44","modified_gmt":"2018-11-06T15:55:44","slug":"prodotti-a-catalogo","status":"publish","type":"page","link":"https:\/\/www.profilatileggeri.com\/fr\/prodotti-a-catalogo\/","title":{"rendered":"Produits de Stock"},"content":{"rendered":"\n  <div class=\"banner has-hover\" id=\"banner-1992789752\">\n          <div class=\"banner-inner fill\">\n        <div class=\"banner-bg fill\" >\n\t\t\t<img loading=\"lazy\" decoding=\"async\" width=\"1020\" height=\"542\" src=\"https:\/\/www.profilatileggeri.com\/fr\/wp-content\/uploads\/copertina-1400x744.jpg\" class=\"bg\" alt=\"\" srcset=\"https:\/\/www.profilatileggeri.com\/fr\/wp-content\/uploads\/copertina-1400x744.jpg 1400w, https:\/\/www.profilatileggeri.com\/fr\/wp-content\/uploads\/copertina-510x271.jpg 510w, https:\/\/www.profilatileggeri.com\/fr\/wp-content\/uploads\/copertina-752x400.jpg 752w, https:\/\/www.profilatileggeri.com\/fr\/wp-content\/uploads\/copertina-768x408.jpg 768w, https:\/\/www.profilatileggeri.com\/fr\/wp-content\/uploads\/copertina.jpg 1920w\" sizes=\"auto, (max-width: 1020px) 100vw, 1020px\" \/>                        <div class=\"overlay\"><\/div>            \n                    <\/div>\n\t\t\n        <div class=\"banner-layers container\">\n            <div class=\"fill banner-link\"><\/div>            \n   <div id=\"text-box-1014386540\" class=\"text-box banner-layer x50 md-x50 lg-x50 y50 md-y50 lg-y50 res-text\">\n                     <div data-animate=\"flipInY\">           <div class=\"text-box-content text \">\n              \n              <div class=\"text-inner text-center\">\n                  \n<h3 class=\"uppercase\"><strong>PRODUITS DE STOCK<\/strong><\/h3>\n<p class=\"content\">Profilati Leggeri Schiavetti<\/p>\n<div class=\"is-divider divider clearfix\" style=\"margin-top:1.2em;margin-bottom:1.2em;max-width:67px;\"><\/div>\n              <\/div>\n           <\/div>\n       <\/div>                     \n<style>\n#text-box-1014386540 {\n  width: 100%;\n}\n#text-box-1014386540 .text-box-content {\n  font-size: 100%;\n}\n@media (min-width:550px) {\n  #text-box-1014386540 {\n    width: 70%;\n  }\n}\n<\/style>\n    <\/div>\n \n        <\/div>\n      <\/div>\n\n            \n<style>\n#banner-1992789752 {\n  padding-top: 280px;\n}\n#banner-1992789752 .overlay {\n  background-color: rgba(255, 255, 255, 0.59);\n}\n#banner-1992789752 .bg {\n  object-position: 47% 58%;\n}\n<\/style>\n  <\/div>\n\n\n\t<div id=\"gap-561150568\" class=\"gap-element clearfix\" style=\"display:block; height:auto;\">\n\t\t\n<style>\n#gap-561150568 {\n  padding-top: 40px;\n}\n<\/style>\n\t<\/div>\n\t\n<div class=\"row\"  id=\"row-1411995488\">\n\n\t<div id=\"col-180160443\" class=\"col small-12 large-12\"  >\n\t\t\t\t<div class=\"col-inner\"  >\n\t\t\t\n\t\t\t\n<p style=\"text-align: center;\">Les produits de stock sont disponibles pour une livraison imm\u00e9diate.<br \/>\nPour toute autre demande, dans la page produits personnalis\u00e9s, vous pouvez sp\u00e9cifier les caract\u00e9ristiques souhait\u00e9es.<\/p>\n\t\t<\/div>\n\t\t\t\t\t<\/div>\n\n\t\n<\/div>\n<div class=\"row\"  id=\"row-1582655165\">\n\n\t<div id=\"col-2096678485\" class=\"col medium-2 small-6 large-2\"  >\n\t\t\t\t<div class=\"col-inner\"  >\n\t\t\t\n\t\t\t\n\t\t<\/div>\n\t\t\t\t\t<\/div>\n\n\t\n\n\t<div id=\"col-242264065\" class=\"col medium-4 small-6 large-4\"  >\n\t\t\t\t<div class=\"col-inner\"  >\n\t\t\t\n\t\t\t\n\n  \n    <div id=\"cats-924796839\" class=\"row large-columns-1 medium-columns- small-columns- row-small row-masonry\" data-packery-options='{\"itemSelector\": \".col\", \"gutter\": 0, \"presentageWidth\" : true}'>\n\n  <div class=\"product-category col\" >\n            <div class=\"col-inner\">\n              <a aria-label=\"Visit product category PROFIL\u0116S POUR PLAQUES DE PL\u00c2TRE\" href=\"https:\/\/www.profilatileggeri.com\/fr\/product-category\/profili-cartongesso\/\">                <div class=\"box box-category has-hover box-default \">\n                <div class=\"box-image\" >\n                  <div class=\"\" >\n                  <img loading=\"lazy\" decoding=\"async\" src=\"https:\/\/www.profilatileggeri.com\/fr\/wp-content\/uploads\/10-della-rev-1.jpg\" alt=\"PROFIL\u0116S POUR PLAQUES DE PL\u00c2TRE\" width=\"300\" height=\"300\" \/>                                                      <\/div>\n                <\/div>\n                <div class=\"box-text text-center\" >\n                  <div class=\"box-text-inner\">\n                      <h5 class=\"uppercase header-title\">\n                              PROFIL\u0116S POUR PLAQUES DE PL\u00c2TRE                      <\/h5>\n                                            <p class=\"is-xsmall uppercase count \">\n\t                      9 Prodotti                      <\/p>\n                                            \n                  <\/div>\n                <\/div>\n                <\/div>\n            <\/a>            <\/div>\n            <\/div><\/div>\n\t\t<\/div>\n\t\t\t\t\t<\/div>\n\n\t\n\n\t<div id=\"col-947234920\" class=\"col medium-4 small-6 large-4\"  >\n\t\t\t\t<div class=\"col-inner\"  >\n\t\t\t\n\t\t\t\n\n  \n    <div id=\"cats-979539429\" class=\"row large-columns-1 medium-columns- small-columns- row-small row-masonry\" data-packery-options='{\"itemSelector\": \".col\", \"gutter\": 0, \"presentageWidth\" : true}'>\n\n  <div class=\"product-category col\" >\n            <div class=\"col-inner\">\n              <a aria-label=\"Visit product category PROFIL\u0116S DE FIXATION\" href=\"https:\/\/www.profilatileggeri.com\/fr\/product-category\/profili-fissaggio\/\">                <div class=\"box box-category has-hover box-default \">\n                <div class=\"box-image\" >\n                  <div class=\"\" >\n                  <img loading=\"lazy\" decoding=\"async\" src=\"https:\/\/www.profilatileggeri.com\/fr\/wp-content\/uploads\/FOTO-da-premus-36-home.jpg\" alt=\"PROFIL\u0116S DE FIXATION\" width=\"300\" height=\"300\" \/>                                                      <\/div>\n                <\/div>\n                <div class=\"box-text text-center\" >\n                  <div class=\"box-text-inner\">\n                      <h5 class=\"uppercase header-title\">\n                              PROFIL\u0116S DE FIXATION                      <\/h5>\n                                            <p class=\"is-xsmall uppercase count \">\n\t                      6 Prodotti                      <\/p>\n                                            \n                  <\/div>\n                <\/div>\n                <\/div>\n            <\/a>            <\/div>\n            <\/div><\/div>\n\t\t<\/div>\n\t\t\t\t\t<\/div>\n\n\t\n\n\t<div id=\"col-803264842\" class=\"col medium-2 small-6 large-2\"  >\n\t\t\t\t<div class=\"col-inner\"  >\n\t\t\t\n\t\t\t\n\t\t<\/div>\n\t\t\t\t\t<\/div>\n\n\t\n<\/div>\n<div class=\"row\"  id=\"row-1359326443\">\n\n\t<div id=\"col-1408106509\" class=\"col medium-2 small-6 large-2\"  >\n\t\t\t\t<div class=\"col-inner\"  >\n\t\t\t\n\t\t\t\n\t\t<\/div>\n\t\t\t\t\t<\/div>\n\n\t\n\n\t<div id=\"col-936601265\" class=\"col medium-4 small-6 large-4\"  >\n\t\t\t\t<div class=\"col-inner\"  >\n\t\t\t\n\t\t\t\n\n  \n    <div id=\"cats-1895627023\" class=\"row large-columns-1 medium-columns- small-columns- row-small row-masonry\" data-packery-options='{\"itemSelector\": \".col\", \"gutter\": 0, \"presentageWidth\" : true}'>\n\n  <div class=\"product-category col\" >\n            <div class=\"col-inner\">\n              <a aria-label=\"Visit product category AUTRES PROFIL\u0116S POUR PLAQUES DE PL\u00c2TRE\" href=\"https:\/\/www.profilatileggeri.com\/fr\/product-category\/profili-cartongesso-certificati-ctsb\/\">                <div class=\"box box-category has-hover box-default \">\n                <div class=\"box-image\" >\n                  <div class=\"\" >\n                  <img loading=\"lazy\" decoding=\"async\" src=\"https:\/\/www.profilatileggeri.com\/fr\/wp-content\/uploads\/PROFILO-CARTONGESSO.jpg\" alt=\"AUTRES PROFIL\u0116S POUR PLAQUES DE PL\u00c2TRE\" width=\"300\" height=\"300\" \/>                                                      <\/div>\n                <\/div>\n                <div class=\"box-text text-center\" >\n                  <div class=\"box-text-inner\">\n                      <h5 class=\"uppercase header-title\">\n                              AUTRES PROFIL\u0116S POUR PLAQUES DE PL\u00c2TRE                      <\/h5>\n                                            <p class=\"is-xsmall uppercase count \">\n\t                      5 Prodotti                      <\/p>\n                                            \n                  <\/div>\n                <\/div>\n                <\/div>\n            <\/a>            <\/div>\n            <\/div><\/div>\n\t\t<\/div>\n\t\t\t\t\t<\/div>\n\n\t\n\n\t<div id=\"col-113546127\" class=\"col medium-4 small-6 large-4\"  >\n\t\t\t\t<div class=\"col-inner\"  >\n\t\t\t\n\t\t\t\n\n  \n    <div id=\"cats-1753597035\" class=\"row large-columns-1 medium-columns- small-columns- row-small row-masonry\" data-packery-options='{\"itemSelector\": \".col\", \"gutter\": 0, \"presentageWidth\" : true}'>\n\n  <div class=\"product-category col\" >\n            <div class=\"col-inner\">\n              <a aria-label=\"Visit product category PROFIL\u0116S D&#039;ENCADREMENT\" href=\"https:\/\/www.profilatileggeri.com\/fr\/product-category\/profili-incasso\/\">                <div class=\"box box-category has-hover box-default \">\n                <div class=\"box-image\" >\n                  <div class=\"\" >\n                  <img loading=\"lazy\" decoding=\"async\" src=\"https:\/\/www.profilatileggeri.com\/fr\/wp-content\/uploads\/FOTO-da-premus-57.jpg\" alt=\"PROFIL\u0116S D&#039;ENCADREMENT\" width=\"300\" height=\"300\" \/>                                                      <\/div>\n                <\/div>\n                <div class=\"box-text text-center\" >\n                  <div class=\"box-text-inner\">\n                      <h5 class=\"uppercase header-title\">\n                              PROFIL\u0116S D'ENCADREMENT                      <\/h5>\n                                            <p class=\"is-xsmall uppercase count \">\n\t                      4 Prodotti                      <\/p>\n                                            \n                  <\/div>\n                <\/div>\n                <\/div>\n            <\/a>            <\/div>\n            <\/div><\/div>\n\t\t<\/div>\n\t\t\t\t\t<\/div>\n\n\t\n\n\t<div id=\"col-1621490500\" class=\"col medium-2 small-6 large-2\"  >\n\t\t\t\t<div class=\"col-inner\"  >\n\t\t\t\n\t\t\t\n\t\t<\/div>\n\t\t\t\t\t<\/div>\n\n\t\n<\/div>\n\t<div id=\"gap-1630484118\" class=\"gap-element clearfix\" style=\"display:block; height:auto;\">\n\t\t\n<style>\n#gap-1630484118 {\n  padding-top: 34px;\n}\n<\/style>\n\t<\/div>\n\t\n","protected":false},"excerpt":{"rendered":"","protected":false},"author":1,"featured_media":0,"parent":0,"menu_order":0,"comment_status":"closed","ping_status":"closed","template":"page-blank.php","meta":{"footnotes":""},"yst_prominent_words":[610,1362,1441,1363,1440,1439,733,735,732,734,731,1361,729,726,736,728,1360,730,727,552],"class_list":["post-646","page","type-page","status-publish","hentry"],"_links":{"self":[{"href":"https:\/\/www.profilatileggeri.com\/fr\/wp-json\/wp\/v2\/pages\/646","targetHints":{"allow":["GET"]}}],"collection":[{"href":"https:\/\/www.profilatileggeri.com\/fr\/wp-json\/wp\/v2\/pages"}],"about":[{"href":"https:\/\/www.profilatileggeri.com\/fr\/wp-json\/wp\/v2\/types\/page"}],"author":[{"embeddable":true,"href":"https:\/\/www.profilatileggeri.com\/fr\/wp-json\/wp\/v2\/users\/1"}],"replies":[{"embeddable":true,"href":"https:\/\/www.profilatileggeri.com\/fr\/wp-json\/wp\/v2\/comments?post=646"}],"version-history":[{"count":4,"href":"https:\/\/www.profilatileggeri.com\/fr\/wp-json\/wp\/v2\/pages\/646\/revisions"}],"predecessor-version":[{"id":3222,"href":"https:\/\/www.profilatileggeri.com\/fr\/wp-json\/wp\/v2\/pages\/646\/revisions\/3222"}],"wp:attachment":[{"href":"https:\/\/www.profilatileggeri.com\/fr\/wp-json\/wp\/v2\/media?parent=646"}],"wp:term":[{"taxonomy":"yst_prominent_words","embeddable":true,"href":"https:\/\/www.profilatileggeri.com\/fr\/wp-json\/wp\/v2\/yst_prominent_words?post=646"}],"curies":[{"name":"wp","href":"https:\/\/api.w.org\/{rel}","templated":true}]}}