{"id":1902,"date":"2018-05-14T10:42:45","date_gmt":"2018-05-14T09:42:45","guid":{"rendered":"http:\/\/www.profilatileggeri.com\/fr\/\/?post_type=product&#038;p=1902"},"modified":"2018-11-05T11:42:51","modified_gmt":"2018-11-05T10:42:51","slug":"foro-tondo-1-passo-22","status":"publish","type":"product","link":"https:\/\/www.profilatileggeri.com\/fr\/product\/foro-tondo-1-passo-22\/","title":{"rendered":"Plaque de pl\u00e2tre | Corni\u00e8re perfor\u00e9\u00e8"},"content":{"rendered":"","protected":false},"excerpt":{"rendered":"<p><strong>Tipo di Perforazione:<\/strong>\u00a0Fori tondi alternati a 60\u00b0 (R T)<br \/>\n<strong>Foro: <\/strong>1<br \/>\n<strong>Passo:<\/strong> 2,2<br \/>\n<strong>% v\/p:<\/strong>\u00a018,7<\/p>\n","protected":false},"featured_media":2831,"template":"","meta":[],"product_brand":[],"product_cat":[340],"product_tag":[83],"class_list":{"0":"post-1902","1":"product","2":"type-product","3":"status-publish","4":"has-post-thumbnail","6":"product_cat-profili-cartongesso","7":"product_tag-acciaio-al-carbonio","9":"first","10":"instock","11":"shipping-taxable","12":"purchasable","13":"product-type-variable"},"_links":{"self":[{"href":"https:\/\/www.profilatileggeri.com\/fr\/wp-json\/wp\/v2\/product\/1902","targetHints":{"allow":["GET"]}}],"collection":[{"href":"https:\/\/www.profilatileggeri.com\/fr\/wp-json\/wp\/v2\/product"}],"about":[{"href":"https:\/\/www.profilatileggeri.com\/fr\/wp-json\/wp\/v2\/types\/product"}],"wp:featuredmedia":[{"embeddable":true,"href":"https:\/\/www.profilatileggeri.com\/fr\/wp-json\/wp\/v2\/media\/2831"}],"wp:attachment":[{"href":"https:\/\/www.profilatileggeri.com\/fr\/wp-json\/wp\/v2\/media?parent=1902"}],"wp:term":[{"taxonomy":"product_brand","embeddable":true,"href":"https:\/\/www.profilatileggeri.com\/fr\/wp-json\/wp\/v2\/product_brand?post=1902"},{"taxonomy":"product_cat","embeddable":true,"href":"https:\/\/www.profilatileggeri.com\/fr\/wp-json\/wp\/v2\/product_cat?post=1902"},{"taxonomy":"product_tag","embeddable":true,"href":"https:\/\/www.profilatileggeri.com\/fr\/wp-json\/wp\/v2\/product_tag?post=1902"}],"curies":[{"name":"wp","href":"https:\/\/api.w.org\/{rel}","templated":true}]}}