{"id":213,"date":"2018-05-17T11:25:01","date_gmt":"2018-05-17T10:25:01","guid":{"rendered":"http:\/\/demo2.woothemes.com\/woocommerce\/?post_type=product&#038;p=70"},"modified":"2021-02-26T11:12:23","modified_gmt":"2021-02-26T10:12:23","slug":"foro-tondo-08-passo-15","status":"publish","type":"product","link":"https:\/\/www.profilatileggeri.com\/fr\/product\/foro-tondo-08-passo-15\/","title":{"rendered":"Plaque de pl\u00e2tre | Profil C &#8211; Bord \u00e9cras\u00e9"},"content":{"rendered":"","protected":false},"excerpt":{"rendered":"<p><strong>Tipo di Perforazione:<\/strong>\u00a0Fori tondi alternati a 60\u00b0 (R T)<br \/>\n<strong>Foro:<\/strong> 0,8<br \/>\n<strong>Passo:<\/strong> 1,5<br \/>\n<strong>% v\/p: <\/strong>25,8<\/p>\n","protected":false},"featured_media":2826,"template":"","meta":[],"product_brand":[],"product_cat":[340],"product_tag":[83],"class_list":{"0":"post-213","1":"product","2":"type-product","3":"status-publish","4":"has-post-thumbnail","6":"product_cat-profili-cartongesso","7":"product_tag-acciaio-al-carbonio","8":"tipo_di_perforazione-fori-tondi-alternati-a-60-r-t","9":"dimensione_del_foro-0-8","10":"passo-1-5","11":"spessore-0-5","12":"percentuale_v_p-22-7","14":"first","15":"instock","16":"shipping-taxable","17":"purchasable","18":"product-type-variable"},"_links":{"self":[{"href":"https:\/\/www.profilatileggeri.com\/fr\/wp-json\/wp\/v2\/product\/213","targetHints":{"allow":["GET"]}}],"collection":[{"href":"https:\/\/www.profilatileggeri.com\/fr\/wp-json\/wp\/v2\/product"}],"about":[{"href":"https:\/\/www.profilatileggeri.com\/fr\/wp-json\/wp\/v2\/types\/product"}],"wp:featuredmedia":[{"embeddable":true,"href":"https:\/\/www.profilatileggeri.com\/fr\/wp-json\/wp\/v2\/media\/2826"}],"wp:attachment":[{"href":"https:\/\/www.profilatileggeri.com\/fr\/wp-json\/wp\/v2\/media?parent=213"}],"wp:term":[{"taxonomy":"product_brand","embeddable":true,"href":"https:\/\/www.profilatileggeri.com\/fr\/wp-json\/wp\/v2\/product_brand?post=213"},{"taxonomy":"product_cat","embeddable":true,"href":"https:\/\/www.profilatileggeri.com\/fr\/wp-json\/wp\/v2\/product_cat?post=213"},{"taxonomy":"product_tag","embeddable":true,"href":"https:\/\/www.profilatileggeri.com\/fr\/wp-json\/wp\/v2\/product_tag?post=213"}],"curies":[{"name":"wp","href":"https:\/\/api.w.org\/{rel}","templated":true}]}}